{"id":82,"date":"2020-06-12T15:52:29","date_gmt":"2020-06-12T15:52:29","guid":{"rendered":"https:\/\/briard-bruno.com\/?page_id=82"},"modified":"2020-06-13T14:54:55","modified_gmt":"2020-06-13T14:54:55","slug":"wieso-einer-wie-icke","status":"publish","type":"page","link":"https:\/\/briard-bruno.com\/index.php\/briard-bruno-com\/wieso-einer-wie-icke\/","title":{"rendered":"Wieso ,einer wie Icke ?"},"content":{"rendered":"\n<p>Das letzte Kind hat Fell, sagt der Volksmund, dann bleibt nur noch die Frage, welches, und warum ? <\/p>\n\n\n\n<figure class=\"wp-block-image size-large\"><img loading=\"lazy\" decoding=\"async\" width=\"1024\" height=\"743\" src=\"https:\/\/briard-bruno.com\/wp-content\/uploads\/2020\/06\/Bruno-auf-Couch-28-03-2020-1024x743.jpg\" alt=\"\" class=\"wp-image-87\" srcset=\"https:\/\/briard-bruno.com\/wp-content\/uploads\/2020\/06\/Bruno-auf-Couch-28-03-2020-1024x743.jpg 1024w, https:\/\/briard-bruno.com\/wp-content\/uploads\/2020\/06\/Bruno-auf-Couch-28-03-2020-300x218.jpg 300w, https:\/\/briard-bruno.com\/wp-content\/uploads\/2020\/06\/Bruno-auf-Couch-28-03-2020-768x557.jpg 768w, https:\/\/briard-bruno.com\/wp-content\/uploads\/2020\/06\/Bruno-auf-Couch-28-03-2020-1536x1114.jpg 1536w, https:\/\/briard-bruno.com\/wp-content\/uploads\/2020\/06\/Bruno-auf-Couch-28-03-2020-2048x1485.jpg 2048w\" sizes=\"auto, (max-width: 1024px) 100vw, 1024px\" \/><figcaption>dav<\/figcaption><\/figure>\n\n\n\n<p>Wer sollte mich denn ausw\u00e4hlen ? Ja, die Frage ist nicht ganz einfach zu beantworten. Sicherlich bin ich kein &#8222;Spielzeug&#8220; ,nein, ich bin ein waschechtes Lebewesen, mit allem was dazu geh\u00f6rt, ich bin lieb, m\u00fcrrisch, m\u00fcde, genervt, hungrig,kuschelig, eventuell mal krank, aber auch treu und verr\u00fcckt. Wie bei allen Dingen muss man sehr wohl gut abw\u00e4gen mit welchem Menschenrudel ich gut zusammen passe. Vom Wesen her bin ich lieb (wie \u00fcbrigens die Meisten meiner Sorte) , allerdings ,und hier sollte man drauf achten, wurde ich als H\u00fctehund gez\u00fcchtet, das hei\u00dft; ich treffe Entscheidungen,schnell, und direkt, an Hand der vorherrschenden Situation.<\/p>\n\n\n\n<p>Nicht immer erscheinen die logisch und rationell, aus menschlicher Sicht,versteht sich, aus meiner Sicht jedoch sind manche Dinge ganz klar.<\/p>\n\n\n\n<p>Meine Rasse wurde halt zum leiten und besch\u00fctzen gez\u00fcchtet,das mache ich halt auch, wen, und wann ich jemanden besch\u00fctze ist f\u00fcr mich ganz logisch definiert, z.B. bei drohender Gefahr, die ist nicht immer gleich sichtbar, manche Dinge rieche ich schon lange bevor man (oder vielmehr Mensch)  sie sehen kann, dann zeige ich das an,und das in unterschiedlichen Varianten, diese sollte man unterscheiden lernen wollen.<\/p>\n\n\n\n<figure class=\"wp-block-image size-large\"><img loading=\"lazy\" decoding=\"async\" width=\"1024\" height=\"542\" src=\"https:\/\/briard-bruno.com\/wp-content\/uploads\/2020\/06\/Bruno-auf-Handtuch-29-03-2020-1024x542.jpg\" alt=\"\" class=\"wp-image-91\" srcset=\"https:\/\/briard-bruno.com\/wp-content\/uploads\/2020\/06\/Bruno-auf-Handtuch-29-03-2020-1024x542.jpg 1024w, https:\/\/briard-bruno.com\/wp-content\/uploads\/2020\/06\/Bruno-auf-Handtuch-29-03-2020-300x159.jpg 300w, https:\/\/briard-bruno.com\/wp-content\/uploads\/2020\/06\/Bruno-auf-Handtuch-29-03-2020-768x406.jpg 768w, https:\/\/briard-bruno.com\/wp-content\/uploads\/2020\/06\/Bruno-auf-Handtuch-29-03-2020-1536x813.jpg 1536w, https:\/\/briard-bruno.com\/wp-content\/uploads\/2020\/06\/Bruno-auf-Handtuch-29-03-2020-2048x1084.jpg 2048w\" sizes=\"auto, (max-width: 1024px) 100vw, 1024px\" \/><figcaption>hier war ick noch ein W\u00fcrstchen, keine 30 cm hoch,hab mich aber wohl gef\u00fchlt \ud83d\ude09<\/figcaption><\/figure>\n\n\n\n<p>Da ich auch erzogen werde wie meine Familie das f\u00fcr richtig h\u00e4lt, halte ich mich so gut es geht auch an diese Regeln (nat\u00fcrlich mit den Freir\u00e4umen die mir obliegen \ud83d\ude09  ) Soll aber auch hei\u00dfen, ich habe einen starken Willen, und glaube zu wissen was ich so drauf hab wenn ich mal gro\u00df bin, damit muss der Mensch ,also meine Familie auch umgehen k\u00f6nnen. Was ich nat\u00fcrlich voraussetze , ich bleibe auf keinen Fall bei irgendwelchen Tu-nicht-guten, und Weicheiern , ich mag klare Strukturen, und eine deutliche Sprache . <\/p>\n\n\n\n<figure class=\"wp-block-image size-large\"><img loading=\"lazy\" decoding=\"async\" width=\"1024\" height=\"740\" src=\"https:\/\/briard-bruno.com\/wp-content\/uploads\/2020\/06\/Bruno-auf-Couch-mit-Kissen-29-03-2020-1024x740.jpg\" alt=\"\" class=\"wp-image-93\" srcset=\"https:\/\/briard-bruno.com\/wp-content\/uploads\/2020\/06\/Bruno-auf-Couch-mit-Kissen-29-03-2020-1024x740.jpg 1024w, https:\/\/briard-bruno.com\/wp-content\/uploads\/2020\/06\/Bruno-auf-Couch-mit-Kissen-29-03-2020-300x217.jpg 300w, https:\/\/briard-bruno.com\/wp-content\/uploads\/2020\/06\/Bruno-auf-Couch-mit-Kissen-29-03-2020-768x555.jpg 768w, https:\/\/briard-bruno.com\/wp-content\/uploads\/2020\/06\/Bruno-auf-Couch-mit-Kissen-29-03-2020-1536x1111.jpg 1536w, https:\/\/briard-bruno.com\/wp-content\/uploads\/2020\/06\/Bruno-auf-Couch-mit-Kissen-29-03-2020-2048x1481.jpg 2048w\" sizes=\"auto, (max-width: 1024px) 100vw, 1024px\" \/><figcaption>hier  war ich schon 2 Monate und 2 Tage alt  (29-03-2020 ) und naklar bin ich voll s\u00fc\u00df \ud83d\ude09<\/figcaption><\/figure>\n\n\n\n<p>Mit Sprache meine ich selbstredend nicht nur Worte, es reichen kleine aber eindeutige Zeichen, wie z.B. ein Pfiff, ein Wink, ein Augenzwinkern, ein schnalzen ,selbst ein angedeuteter Kussmund kann f\u00fcr mich ne klare Ansage sein , wenn Ihr wisst was ich meine  \ud83d\ude09<\/p>\n\n\n\n<p>Nicht falsch verstehen, ich bin kein Pl\u00fcschteddy, auch wenn ich immer gerne als &#8222;B\u00e4rchen&#8220; bezeichnet werde, leider deuten viele Menschliche meinen Blick falsch,und meinen immer mich knuddeln zu m\u00fcssen, bitte tut das nicht ! Dieses Teddybild sitzt nur in Euren K\u00f6pfen, und hat rein garnix mit mir als Hund zu tun !  Ich entscheide wer mich knuddeln darf !<\/p>\n\n\n\n<figure class=\"wp-block-image size-large\"><img loading=\"lazy\" decoding=\"async\" width=\"1024\" height=\"660\" src=\"https:\/\/briard-bruno.com\/wp-content\/uploads\/2020\/06\/Bruno-am-Auto-im-Schatten-1024x660.jpg\" alt=\"\" class=\"wp-image-100\" srcset=\"https:\/\/briard-bruno.com\/wp-content\/uploads\/2020\/06\/Bruno-am-Auto-im-Schatten-1024x660.jpg 1024w, https:\/\/briard-bruno.com\/wp-content\/uploads\/2020\/06\/Bruno-am-Auto-im-Schatten-300x193.jpg 300w, https:\/\/briard-bruno.com\/wp-content\/uploads\/2020\/06\/Bruno-am-Auto-im-Schatten-768x495.jpg 768w, https:\/\/briard-bruno.com\/wp-content\/uploads\/2020\/06\/Bruno-am-Auto-im-Schatten-1536x990.jpg 1536w, https:\/\/briard-bruno.com\/wp-content\/uploads\/2020\/06\/Bruno-am-Auto-im-Schatten-2048x1320.jpg 2048w\" sizes=\"auto, (max-width: 1024px) 100vw, 1024px\" \/><figcaption>na, es wird, 23-04-2020  schon fast 3 Monate alt <br><\/figcaption><\/figure>\n\n\n\n<p>Mal kurz ein Beispiel ;  stellt Euch vor, ihr geht spazieren, und jeder Zweite auf der Stra\u00dfe ist der Meinung, och ist der S\u00fc\u00df, kommt ran, umarmt euch, und dr\u00fcckt euch nen fetten Schmatzer auf, w\u00fcrdet ihr das gut finden ? ganz ehrlich ?! ich denke nicht, bis auf Ausnahmen \ud83d\ude09 Ja, jetzt wisst Ihr wie es mir so manchmal geht .<\/p>\n\n\n\n<p>Also kurz und knapp, wer mich haben will, sollte wissen wie man mit einem Briard umgeht, und das auch tun, dann klappt auch mit dem Nachbarn &#8230;.so, oder so \u00e4hnlich .<\/p>\n\n\n\n<p>Selten bin ich daher in sehr jungen Familien zu sehen, da man hier selbst noch in einer Findungsphase ist, und oft auch das n\u00f6tige Kleingeld fehlt, denn das m\u00f6chte ich Euch nicht vorenthalten, ick bin nicht ganz billig , damit meine ich nicht nur die Anschaffung. Ich brauche die Zeit meiner Liebsten,und ich mampfe auch nicht ganz wenig, dies passt meist nicht gut zusammen mit jungen ungest\u00fcmen Menschlein.Oft brauch ich auch einfach nur Platz,weil ich nicht ewig so klein bleibe,aber das werdet Ihr schnell auf den kommenden Seiten sehen. Hab schon von Leuten geh\u00f6rt wo dann mal ne neue Couch oder sowas f\u00e4llig ist,weil wegen Langeweile und so, und niemand anwesend,  das mal nur am Rande .<\/p>\n","protected":false},"excerpt":{"rendered":"<p>Das letzte Kind hat Fell, sagt der Volksmund, dann bleibt nur noch die Frage, welches,<\/p>\n","protected":false},"author":1,"featured_media":0,"parent":5,"menu_order":2,"comment_status":"closed","ping_status":"closed","template":"","meta":{"footnotes":""},"class_list":["post-82","page","type-page","status-publish","hentry"],"_links":{"self":[{"href":"https:\/\/briard-bruno.com\/index.php\/wp-json\/wp\/v2\/pages\/82","targetHints":{"allow":["GET"]}}],"collection":[{"href":"https:\/\/briard-bruno.com\/index.php\/wp-json\/wp\/v2\/pages"}],"about":[{"href":"https:\/\/briard-bruno.com\/index.php\/wp-json\/wp\/v2\/types\/page"}],"author":[{"embeddable":true,"href":"https:\/\/briard-bruno.com\/index.php\/wp-json\/wp\/v2\/users\/1"}],"replies":[{"embeddable":true,"href":"https:\/\/briard-bruno.com\/index.php\/wp-json\/wp\/v2\/comments?post=82"}],"version-history":[{"count":9,"href":"https:\/\/briard-bruno.com\/index.php\/wp-json\/wp\/v2\/pages\/82\/revisions"}],"predecessor-version":[{"id":101,"href":"https:\/\/briard-bruno.com\/index.php\/wp-json\/wp\/v2\/pages\/82\/revisions\/101"}],"up":[{"embeddable":true,"href":"https:\/\/briard-bruno.com\/index.php\/wp-json\/wp\/v2\/pages\/5"}],"wp:attachment":[{"href":"https:\/\/briard-bruno.com\/index.php\/wp-json\/wp\/v2\/media?parent=82"}],"curies":[{"name":"wp","href":"https:\/\/api.w.org\/{rel}","templated":true}]}}