{"id":356,"date":"2021-03-13T14:09:54","date_gmt":"2021-03-13T14:09:54","guid":{"rendered":"https:\/\/briard-bruno.com\/?page_id=356"},"modified":"2023-03-26T15:13:34","modified_gmt":"2023-03-26T15:13:34","slug":"clips-teil-4","status":"publish","type":"page","link":"https:\/\/briard-bruno.com\/index.php\/clips-teil-4\/","title":{"rendered":"Clips Teil 4"},"content":{"rendered":"\n<p>na sicher gehts hier weiter, w\u00e4re ja doof wenn nicht, oder ?!<\/p>\n\n\n\n<figure class=\"wp-block-embed is-type-video is-provider-youtube wp-block-embed-youtube wp-embed-aspect-16-9 wp-has-aspect-ratio\"><div class=\"wp-block-embed__wrapper\">\n<iframe loading=\"lazy\" title=\"Der erste Winter f\u00fcr unsern Briard\" width=\"640\" height=\"360\" src=\"https:\/\/www.youtube.com\/embed\/Cs0xa-bs91Q?feature=oembed\" frameborder=\"0\" allow=\"accelerometer; autoplay; clipboard-write; encrypted-media; gyroscope; picture-in-picture; web-share\" referrerpolicy=\"strict-origin-when-cross-origin\" allowfullscreen><\/iframe>\n<\/div><\/figure>\n\n\n\n<p>Winter ist ja hier in den Niederlanden nicht immer wirklich mit kalt, und Schnee verbunden, darum um so lustiger wenn der Bursche doch mal eine kleine Kostprobe bekommt. <\/p>\n\n\n\n<figure class=\"wp-block-embed is-type-video is-provider-youtube wp-block-embed-youtube wp-embed-aspect-16-9 wp-has-aspect-ratio\"><div class=\"wp-block-embed__wrapper\">\n<iframe loading=\"lazy\" title=\"Bruno und der erste echte Schnee , Hund, Briard\" width=\"640\" height=\"360\" src=\"https:\/\/www.youtube.com\/embed\/12I13uNXokI?feature=oembed\" frameborder=\"0\" allow=\"accelerometer; autoplay; clipboard-write; encrypted-media; gyroscope; picture-in-picture; web-share\" referrerpolicy=\"strict-origin-when-cross-origin\" allowfullscreen><\/iframe>\n<\/div><figcaption class=\"wp-element-caption\">unser Briard grad das erste Lebensjahr erreicht,und zack gleich Schnee<\/figcaption><\/figure>\n\n\n\n<p>Richtiger Schnee, und die dazugeh\u00f6rige K\u00e4lte sollten doch noch Einzug halten, alle 10 Jahre hat man hier sowas mal, jetzt war es wieder so weit \ud83d\ude09<\/p>\n\n\n\n<figure class=\"wp-block-embed is-type-video is-provider-youtube wp-block-embed-youtube wp-embed-aspect-16-9 wp-has-aspect-ratio\"><div class=\"wp-block-embed__wrapper\">\n<iframe loading=\"lazy\" title=\"Bruno R\u00fcckblick Sommer 2020  ,Briard,Hund, frei laufen\" width=\"640\" height=\"360\" src=\"https:\/\/www.youtube.com\/embed\/1TgIHJAyw-U?feature=oembed\" frameborder=\"0\" allow=\"accelerometer; autoplay; clipboard-write; encrypted-media; gyroscope; picture-in-picture; web-share\" referrerpolicy=\"strict-origin-when-cross-origin\" allowfullscreen><\/iframe>\n<\/div><figcaption class=\"wp-element-caption\">Sommer 2020 R\u00fcckblick<\/figcaption><\/figure>\n\n\n\n<p>und nat\u00fcrlich mal ein kleiner R\u00fcckblick des letzten Sommers ,damit man die K\u00e4lte und den Schnee schnell wieder vergisst &#8230;.<\/p>\n\n\n\n<figure class=\"wp-block-embed is-type-video is-provider-youtube wp-block-embed-youtube wp-embed-aspect-16-9 wp-has-aspect-ratio\"><div class=\"wp-block-embed__wrapper\">\n<iframe loading=\"lazy\" title=\"Nachmittag am Strand Maasvlakte \/NL nat\u00fcrlich mit M\u00f6ven\" width=\"640\" height=\"360\" src=\"https:\/\/www.youtube.com\/embed\/osMtsM4XmEw?feature=oembed\" frameborder=\"0\" allow=\"accelerometer; autoplay; clipboard-write; encrypted-media; gyroscope; picture-in-picture; web-share\" referrerpolicy=\"strict-origin-when-cross-origin\" allowfullscreen><\/iframe>\n<\/div><figcaption class=\"wp-element-caption\">28-09-2021 Strand Maasvlakte\/ NL  Briard beim spielen<\/figcaption><\/figure>\n\n\n\n<p>Briard am Strand, sieht immer lustig aus, so ein nasses &#8222;Ding&#8220;  \ud83d\ude09  pl\u00f6tzlich ist er nur noch die H\u00e4lfte ,nix mit pl\u00fcschigem Fell. Er liebt M\u00f6ven ,oder vielmehr, er liebt es ihnen hinterher zu rennen, aber meist wollen sie nicht mit ihm spielen, und fliegen einfach weg. <\/p>\n\n\n\n<p>Weniger Lustig wird es dann sp\u00e4ter,Hund nass,Salzwasser,Auto, eine gute wasserdichte Matte sollte man im Auto haben,und ihn vor dem einsteigen so halbwegs trocken rubbeln,der Rest geht dann zu Hause mit Hundef\u00f6n und B\u00fcrste. Wir nutzen den hier unter stehenden,macht sich gut,und unser Bursche findet es sogar angenehm,und schmei\u00dft sich lang hin \ud83d\ude09 <\/p>\n\n\n\n<p>Forever Speed Hundef\u00f6n Pet Dryer 2400W f\u00fcr Hundepflege Tierf\u00f6n mit Einstellbarer Windgeschwindigkeit, Hundetrockner mit 3 D\u00fcsen von Forever Speed ! <a href=\"https:\/\/amzn.to\/3iKAyOr\">https:\/\/amzn.to\/3iKAyOr<\/a> via @amazon<\/p>\n\n\n\n<figure class=\"wp-block-embed is-type-video is-provider-youtube wp-block-embed-youtube wp-embed-aspect-16-9 wp-has-aspect-ratio\"><div class=\"wp-block-embed__wrapper\">\n<iframe loading=\"lazy\" title=\"Bruno relaxt am Kanal, Briard\" width=\"640\" height=\"360\" src=\"https:\/\/www.youtube.com\/embed\/4hsM6ZW0VSM?feature=oembed\" frameborder=\"0\" allow=\"accelerometer; autoplay; clipboard-write; encrypted-media; gyroscope; picture-in-picture; web-share\" referrerpolicy=\"strict-origin-when-cross-origin\" allowfullscreen><\/iframe>\n<\/div><\/figure>\n","protected":false},"excerpt":{"rendered":"<p>na sicher gehts hier weiter, w\u00e4re ja doof wenn nicht, oder ?! Winter ist ja<\/p>\n","protected":false},"author":1,"featured_media":0,"parent":0,"menu_order":0,"comment_status":"closed","ping_status":"closed","template":"","meta":{"footnotes":""},"class_list":["post-356","page","type-page","status-publish","hentry"],"_links":{"self":[{"href":"https:\/\/briard-bruno.com\/index.php\/wp-json\/wp\/v2\/pages\/356","targetHints":{"allow":["GET"]}}],"collection":[{"href":"https:\/\/briard-bruno.com\/index.php\/wp-json\/wp\/v2\/pages"}],"about":[{"href":"https:\/\/briard-bruno.com\/index.php\/wp-json\/wp\/v2\/types\/page"}],"author":[{"embeddable":true,"href":"https:\/\/briard-bruno.com\/index.php\/wp-json\/wp\/v2\/users\/1"}],"replies":[{"embeddable":true,"href":"https:\/\/briard-bruno.com\/index.php\/wp-json\/wp\/v2\/comments?post=356"}],"version-history":[{"count":12,"href":"https:\/\/briard-bruno.com\/index.php\/wp-json\/wp\/v2\/pages\/356\/revisions"}],"predecessor-version":[{"id":388,"href":"https:\/\/briard-bruno.com\/index.php\/wp-json\/wp\/v2\/pages\/356\/revisions\/388"}],"wp:attachment":[{"href":"https:\/\/briard-bruno.com\/index.php\/wp-json\/wp\/v2\/media?parent=356"}],"curies":[{"name":"wp","href":"https:\/\/api.w.org\/{rel}","templated":true}]}}