{"id":348,"date":"2021-03-13T13:12:03","date_gmt":"2021-03-13T13:12:03","guid":{"rendered":"https:\/\/briard-bruno.com\/?page_id=348"},"modified":"2021-03-13T13:12:03","modified_gmt":"2021-03-13T13:12:03","slug":"fusswege-und-feldwege","status":"publish","type":"page","link":"https:\/\/briard-bruno.com\/index.php\/fusswege-und-feldwege\/","title":{"rendered":"Fu\u00dfwege und Feldwege"},"content":{"rendered":"\n<p>Klingt ja erstmal komisch wieso sind Fu\u00dfwege und Feldwege gef\u00e4hrlich ?<\/p>\n\n\n\n<p>Man sollte annehmen das man auf Fu\u00df- und Feldwegen recht sicher unterwegs ist mit seinem Vierbeiner, leider ist das aber nur bedingt richtig, Unterschiede gibt es auch ob man auf einem Dorf, oder in der Stadt wohnt .<\/p>\n\n\n\n<p>Die Gefahren gehen hier weniger vom Menschen aus ( Radg\u00e4ngster in Gro\u00dfst\u00e4dten mal ausgenommen,die bleiben gef\u00e4hrlich )  sondern von den Sachen die sie so hinterlassen,um sich besser zu f\u00fchlen ,ganz allgemein genommen \ud83d\ude09 <\/p>\n\n\n\n<figure class=\"wp-block-image size-large\"><img loading=\"lazy\" decoding=\"async\" width=\"1024\" height=\"707\" src=\"https:\/\/briard-bruno.com\/wp-content\/uploads\/2021\/03\/Briard-Bruno-in-der-Heide-01-2021-1024x707.jpg\" alt=\"\" class=\"wp-image-351\" srcset=\"https:\/\/briard-bruno.com\/wp-content\/uploads\/2021\/03\/Briard-Bruno-in-der-Heide-01-2021-1024x707.jpg 1024w, https:\/\/briard-bruno.com\/wp-content\/uploads\/2021\/03\/Briard-Bruno-in-der-Heide-01-2021-300x207.jpg 300w, https:\/\/briard-bruno.com\/wp-content\/uploads\/2021\/03\/Briard-Bruno-in-der-Heide-01-2021-768x531.jpg 768w, https:\/\/briard-bruno.com\/wp-content\/uploads\/2021\/03\/Briard-Bruno-in-der-Heide-01-2021.jpg 1200w\" sizes=\"auto, (max-width: 1024px) 100vw, 1024px\" \/><figcaption>dav<\/figcaption><\/figure>\n\n\n\n<p>Es geht um <strong>Tausalz und D\u00fcngemittel<\/strong>, die sind meist Gift f\u00fcr Hunde (f\u00fcr andere Tierchen nat\u00fcrlich auch,aber anderes Thema ) Dinge die man gerne \u00fcbersieht,da nicht immer gleich sichtbar, au\u00dfer bei G\u00fclle, die riecht man schon. Das erste was man h\u00f6rt &#8222;ich passe auf das mein Hund nix trinkt&#8220; aber nicht nur das tr\u00fcgt, der Hund l\u00e4uft auf seinen Pfoten, da sammelt sich so einiges an, und zu Hause wird sich dann ausgiebig geputzt, und Zack hat er es abgeleckt. Nun wie immer, die Menge macht das Gift, wenn man sowas mitbekommt.den Hund nicht aus den Augen lassen,und seine Reaktionen abwarten, um im Ernstfall schnell handeln zu k\u00f6nnen.<\/p>\n\n\n\n<p><strong>Botulismus<\/strong> ist eine der gef\u00e4hrlichen Krankheiten, dabei geht es um ein Bakterium ,um genau zu sein das Bakterium Botulinum, die meisten kennen es wahrscheinlich unter &#8222;Botox&#8220; oder Botlinumtoxin (BTX) ,das wohl im Moment st\u00e4rkste Nervengift.  Beim Menschen angewandt um sich bei Mitmenschen scheinbar beliebter zu machen (was ja nicht stimmt) , beim Hund nicht selten mit t\u00f6dlichem Ausgang ,da auch gerne falsch diagnostiziert ,dazu hier mehr <a href=\"https:\/\/www.gesundheitszentrum-fuer-kleintiere-luedinghausen.de\/tierarztblog\/artikel\/botulismus-bei-hunden-und-katzen.html#:~:text=Botulismus%20ruft%20auch%20bei%20Hunden,weitreichende%20Folge%20f%C3%BCr%20den%20K%C3%B6rper.\" data-type=\"URL\" data-id=\"https:\/\/www.gesundheitszentrum-fuer-kleintiere-luedinghausen.de\/tierarztblog\/artikel\/botulismus-bei-hunden-und-katzen.html#:~:text=Botulismus%20ruft%20auch%20bei%20Hunden,weitreichende%20Folge%20f%C3%BCr%20den%20K%C3%B6rper.\">https:\/\/www.gesundheitszentrum-fuer-kleintiere-luedinghausen.de\/tierarztblog\/artikel\/botulismus-bei-hunden-und-katzen.html#:~:text=Botulismus%20ruft%20auch%20bei%20Hunden,weitreichende%20Folge%20f%C3%BCr%20den%20K%C3%B6rper.<\/a> <\/p>\n\n\n\n<figure class=\"wp-block-image size-large\"><img loading=\"lazy\" decoding=\"async\" width=\"1024\" height=\"585\" src=\"https:\/\/briard-bruno.com\/wp-content\/uploads\/2021\/03\/Briard-Bruno-in-der-Heide-bei-Schnee-9-2-2021-1024x585.jpg\" alt=\"\" class=\"wp-image-352\" srcset=\"https:\/\/briard-bruno.com\/wp-content\/uploads\/2021\/03\/Briard-Bruno-in-der-Heide-bei-Schnee-9-2-2021-1024x585.jpg 1024w, https:\/\/briard-bruno.com\/wp-content\/uploads\/2021\/03\/Briard-Bruno-in-der-Heide-bei-Schnee-9-2-2021-300x171.jpg 300w, https:\/\/briard-bruno.com\/wp-content\/uploads\/2021\/03\/Briard-Bruno-in-der-Heide-bei-Schnee-9-2-2021-768x438.jpg 768w, https:\/\/briard-bruno.com\/wp-content\/uploads\/2021\/03\/Briard-Bruno-in-der-Heide-bei-Schnee-9-2-2021.jpg 1200w\" sizes=\"auto, (max-width: 1024px) 100vw, 1024px\" \/><figcaption>Briard &#8222;Bruno&#8220; in der Heide bei Schnee<\/figcaption><\/figure>\n\n\n\n<p><strong>Streusalz<\/strong> ist gef\u00e4hrlich, wenn Hunde es aufnehmen, weil sie an Schnee oder an ihren Pfoten lecken. Von dem Salz, das in den Magen gelangt, kann Ihrem Hund \u00dcbel werden oder er kann Durchfall bekommen. Eine paar Milligramm pro Kilogramm k\u00f6nnen f\u00fcr einen Hund oder aber auch eine Katze t\u00f6dlich sein. Kleine Hunde brauchen keine gro\u00dfen Mengen aufnehmen, um daran zu sterben.  (Artikel Ausschnitt aus  www.medpets.de) mehr und genaueres steht auch hier beschrieben : <a href=\"https:\/\/www.medpets.de\/streusalz-todlich-hunde\/#:~:text=Streusalz%20ist%20gef%C3%A4hrlich%2C%20wenn%20Hunde,auch%20eine%20Katze%20t%C3%B6dlich%20sein.\" data-type=\"URL\" data-id=\"https:\/\/www.medpets.de\/streusalz-todlich-hunde\/#:~:text=Streusalz%20ist%20gef%C3%A4hrlich%2C%20wenn%20Hunde,auch%20eine%20Katze%20t%C3%B6dlich%20sein.\">https:\/\/www.medpets.de\/streusalz-todlich-hunde\/#:~:text=Streusalz%20ist%20gef%C3%A4hrlich%2C%20wenn%20Hunde,auch%20eine%20Katze%20t%C3%B6dlich%20sein.<\/a><\/p>\n","protected":false},"excerpt":{"rendered":"<p>Klingt ja erstmal komisch wieso sind Fu\u00dfwege und Feldwege gef\u00e4hrlich ? Man sollte annehmen das<\/p>\n","protected":false},"author":1,"featured_media":0,"parent":0,"menu_order":0,"comment_status":"closed","ping_status":"closed","template":"","meta":{"footnotes":""},"class_list":["post-348","page","type-page","status-publish","hentry"],"_links":{"self":[{"href":"https:\/\/briard-bruno.com\/index.php\/wp-json\/wp\/v2\/pages\/348","targetHints":{"allow":["GET"]}}],"collection":[{"href":"https:\/\/briard-bruno.com\/index.php\/wp-json\/wp\/v2\/pages"}],"about":[{"href":"https:\/\/briard-bruno.com\/index.php\/wp-json\/wp\/v2\/types\/page"}],"author":[{"embeddable":true,"href":"https:\/\/briard-bruno.com\/index.php\/wp-json\/wp\/v2\/users\/1"}],"replies":[{"embeddable":true,"href":"https:\/\/briard-bruno.com\/index.php\/wp-json\/wp\/v2\/comments?post=348"}],"version-history":[{"count":3,"href":"https:\/\/briard-bruno.com\/index.php\/wp-json\/wp\/v2\/pages\/348\/revisions"}],"predecessor-version":[{"id":353,"href":"https:\/\/briard-bruno.com\/index.php\/wp-json\/wp\/v2\/pages\/348\/revisions\/353"}],"wp:attachment":[{"href":"https:\/\/briard-bruno.com\/index.php\/wp-json\/wp\/v2\/media?parent=348"}],"curies":[{"name":"wp","href":"https:\/\/api.w.org\/{rel}","templated":true}]}}