{"id":318,"date":"2020-10-11T22:19:36","date_gmt":"2020-10-11T22:19:36","guid":{"rendered":"https:\/\/briard-bruno.com\/?page_id=318"},"modified":"2020-10-11T22:26:10","modified_gmt":"2020-10-11T22:26:10","slug":"eichenprozessionsspinner","status":"publish","type":"page","link":"https:\/\/briard-bruno.com\/index.php\/gefahren\/eichenprozessionsspinner\/","title":{"rendered":"Eichenprozessionsspinner"},"content":{"rendered":"\n<p>Eichenprozessionsspinner und der Hund, wie passt das zusammen ? Ja eher nicht so gut, normalerweise h\u00e4tte der Hund kein Problem mit dem kleinen Falter , wenn da nicht die Raupe mit ihren Brennh\u00e4rchen w\u00e4re. Normalerweise ist das auch kein Ding, das ist nat\u00fcrliche Abwehr, und dient in der Natur zum Schutz und der Erhaltung der Art. Nun gibt es aber Wetter-, und Klimaabh\u00e4ngige Eigenheiten die zu einer zunehmenden Verbreitung gef\u00fchrt haben, die Winter zu mild zum beispiel, so konnte er sich ziemlich gut vermehren ,leider zu unserem Leidwesen. <\/p>\n\n\n\n<p>Es ist auch kein Problem, solange wir ihm nicht zu nahe kommen, also der Falter tut ja nix, nur die Raupe, ja nee, eigentlich tut die auch nix, sie h\u00e4ngt da nur so rum, damit aber keiner auf die Idee kommt die alle aufzufressen, hat die Natur sich diesen Abwehrmechanismus ausgedacht.<\/p>\n\n\n\n<p>Doof ist nat\u00fcrlich das er bei den Nestgr\u00f6\u00dfen ganzsch\u00f6nen Unsinn ausl\u00f6sen kann in unseren, und dem Hundek\u00f6rper , bei Kontakt kann es zu Haut, Augenreizungen, allergischen Reaktionen, oder auch Atembeschwerden kommen.  Manche Hunde veranstalten dann ein ganzsch\u00f6nes Wirrwar, oft geht man von Fl\u00f6hen aus, und kommt erst sp\u00e4ter hinter den eigentlichen Grund.<\/p>\n\n\n\n<p>Das Problem hierbei ist nicht nur der direkte Kontakt mit den Raupen, sondern auch deren \u00dcberresten, die in relativ gro\u00dfen Ansammlungen anzutreffen sind, oft h\u00e4ngen sie in W\u00e4ldern in greifbarer H\u00f6he, oder die Nester l\u00f6sen sich, und fallen auf den Boden, wo sich die H\u00e4rchen dann auf dem Boden sammeln, und hier liegt das eigentliche Problem. laut aussagen der \u00c4mter k\u00f6nnen die Haare , oder vielmehr das Nesselgift ,bis zu 3 Jahren wirksam sein.<\/p>\n\n\n\n<figure class=\"wp-block-embed-youtube wp-block-embed is-type-video is-provider-youtube wp-embed-aspect-16-9 wp-has-aspect-ratio\"><div class=\"wp-block-embed__wrapper\">\n<iframe loading=\"lazy\" title=\"Eichenprozessionsspinner und der Hund, wie erkennt man die ?\" width=\"640\" height=\"360\" src=\"https:\/\/www.youtube.com\/embed\/FI72zTj4EeY?feature=oembed\" frameborder=\"0\" allow=\"accelerometer; autoplay; clipboard-write; encrypted-media; gyroscope; picture-in-picture; web-share\" referrerpolicy=\"strict-origin-when-cross-origin\" allowfullscreen><\/iframe>\n<\/div><\/figure>\n\n\n\n<p>Im Fr\u00fchjahr sieht man sie recht einfach &#8222;Nase an Po&#8220; in langen Schlangen \u00fcber den Boden kriechen, oder an den B\u00e4umen hoch, woher sich dann auch der Name ableitet. In St\u00e4dten und l\u00e4ndlichen Gegenden, werden die Nester meist durch die von Beh\u00f6rden beauftragten Firmen entfernt, in den W\u00e4ldern allerdings nicht, hier muss man selbst etwas aufpassen. <\/p>\n\n\n\n<p>Niemals versuchen sowas selbst zu entfernen, es sei denn man hat selbst berufliche Erfahrung auf dem Gebiet, einfach den Gemeinden melden wenn man es erkennt, sollte der Hund Kontakt gehabt haben, sollte der Tierarzt helfen k\u00f6nnen.<\/p>\n\n\n\n<p>Einen ausf\u00fchlichen Bericht hierzu findet man auch auf <a href=\"https:\/\/www.rentokil.com\/de\/blog\/eichenprozessionsspinner-im-uberblick\/#.X4OAVdkzZpg\">https:\/\/www.rentokil.com\/de\/blog\/eichenprozessionsspinner-im-uberblick\/#.X4OAVdkzZpg<\/a><\/p>\n","protected":false},"excerpt":{"rendered":"<p>Eichenprozessionsspinner und der Hund, wie passt das zusammen ? Ja eher nicht so gut, normalerweise<\/p>\n","protected":false},"author":1,"featured_media":0,"parent":314,"menu_order":0,"comment_status":"closed","ping_status":"closed","template":"","meta":{"footnotes":""},"class_list":["post-318","page","type-page","status-publish","hentry"],"_links":{"self":[{"href":"https:\/\/briard-bruno.com\/index.php\/wp-json\/wp\/v2\/pages\/318","targetHints":{"allow":["GET"]}}],"collection":[{"href":"https:\/\/briard-bruno.com\/index.php\/wp-json\/wp\/v2\/pages"}],"about":[{"href":"https:\/\/briard-bruno.com\/index.php\/wp-json\/wp\/v2\/types\/page"}],"author":[{"embeddable":true,"href":"https:\/\/briard-bruno.com\/index.php\/wp-json\/wp\/v2\/users\/1"}],"replies":[{"embeddable":true,"href":"https:\/\/briard-bruno.com\/index.php\/wp-json\/wp\/v2\/comments?post=318"}],"version-history":[{"count":2,"href":"https:\/\/briard-bruno.com\/index.php\/wp-json\/wp\/v2\/pages\/318\/revisions"}],"predecessor-version":[{"id":321,"href":"https:\/\/briard-bruno.com\/index.php\/wp-json\/wp\/v2\/pages\/318\/revisions\/321"}],"up":[{"embeddable":true,"href":"https:\/\/briard-bruno.com\/index.php\/wp-json\/wp\/v2\/pages\/314"}],"wp:attachment":[{"href":"https:\/\/briard-bruno.com\/index.php\/wp-json\/wp\/v2\/media?parent=318"}],"curies":[{"name":"wp","href":"https:\/\/api.w.org\/{rel}","templated":true}]}}