{"id":314,"date":"2020-10-11T05:08:16","date_gmt":"2020-10-11T05:08:16","guid":{"rendered":"https:\/\/briard-bruno.com\/?page_id=314"},"modified":"2020-10-11T05:13:14","modified_gmt":"2020-10-11T05:13:14","slug":"gefahren","status":"publish","type":"page","link":"https:\/\/briard-bruno.com\/index.php\/gefahren\/","title":{"rendered":"Gefahren"},"content":{"rendered":"\n<p>Gefahren im Alltag, t\u00e4glich kommen wir mit unseren Hunden in Situationen, wo es unter Umst\u00e4nden ,mal mehr,mal weniger gef\u00e4hrlich ist, oder werden kann. In den meisten F\u00e4llen l\u00e4sst sich das nicht vermeiden, was man allerdings machen kann, ist, sich und seinen Hund darauf vorbereiten, denn Gefahren die wir kennen sind oft nur noch halb so gef\u00e4hrlich,oder gar nicht mehr. Eine der meist vorkommenden Gefahren ist der t\u00e4gliche Umgang im Stra\u00dfenverkehr, eine kleine Unachtsamkeit hat meist gro\u00dfe Folgen, dabei steht zum einen die Gesundheit im Vordergrund, zum anderen die wirtschaftlichen Sch\u00e4den, durch Unf\u00e4lle und Sachsch\u00e4den.<\/p>\n\n\n\n<p>Wer kennt das nicht, mal kurz aufs Handy gesehen, und zack sind 2-3 Minuten vergangen, und in dieser Zeit ist so viel passiert was wir garnicht, oder nur unterbewusst wahr genommen haben. In dieser Zeit kamen schon 43,7 Fu\u00dfg\u00e4nger, 2 Radfahrer, 3 LKW und 571 Personenwagen vorbei, was hat man selbst, und der Hund in der Zeit getan ?! uuups, keine Ahnung .<\/p>\n\n\n\n<p>Eine andere nicht zu untersch\u00e4tzende Gefahr sind unsere &#8222;Nachbarn&#8220; damit meine ich jetzt nicht unbedingt , den wirklichen Nachbarn von nebenan, sondern die sich um uns befindliche Tierwelt, nicht immer ist sie und freundlich gegen\u00fcber aufgestellt ,und wohlgesonnen. Greifen manche direkt an, wie eventuell der vorbeilaufende Artgenosse, sind Andere vielleicht passiv gef\u00e4hrlich, durch ihre Abwehrmechanismen, die sie im Laufe von Jahrhunderten ausgebildet haben.<\/p>\n\n\n\n<p>Gegen de meisten k\u00f6nnen wir selber nichts machen, sind sind einfach da, oder passieren eben, was wir aber k\u00f6nnen ist vorbeugen, und das ist eigentlich garnicht so schwer , mit ein bisschen Training, Aufmerksamkeit, und vor allem bewussten Umgang damit. Wir m\u00fcssen keine tausend Dinge gleichzeitig machen, wieso sollte man das auch ? Wir selbst bestimmen unser Leben, nat\u00fcrlich meist nicht ohne Kompromisse hier und da , aber im Gro\u00dfteil schon, also konzentrieren wir uns einfach mal auf das Wesentliche, n\u00e4mlich, was wollten wir tun, genau, mit dem Hund raus, und warum, weil wir das so bestimmt haben.<\/p>\n\n\n\n<p>Jetzt sollte unsere Aufmerksamkeit allein diesem einen Umstand gewidmet sein, wir sind mit dem Hund unterwegs, und nur darum k\u00fcmmern wir uns, denn ihn wollten wir einst haben, ganz dringend, ohne zu z\u00f6gern, und jetzt sofort, ohne lange zu \u00fcberlegen, wieso das jetzt auf einmal \u00e4ndern wollen !?<\/p>\n\n\n\n<p>Nun ,da wir aufmerksam sind, erkennen wir ganz automatisch den Umstand, wir sind drau\u00dfen, wir scannen die Umgebung, wir sehen was passiert, was kommt, was kommen k\u00f6nnte, und bereiten uns ganz automatisch, konzentriert ,und  gezielt darauf vor, unterbewusst nehmen wir an der Stra\u00dfe die Leine k\u00fcrzer, wir weichen den entgegen kommenden Fu\u00dfg\u00e4ngern ,Radfahrern, oder Reitern aus, wir warten, wir beobachten, und nein, wir brauchen jetzt sicherlich kein Handy, wir haben ja was viel besseres, genau, einen Hund.<\/p>\n\n\n\n<p>Da wir das wichtigste erkannte haben, widme ich mich auf den kommenden Seiten einigen Gefahren, die oft nicht gleich, oder meist garnicht als solche erkannt werden, ein paar Zahlen werden einiges deutlicher sichtbar machen, es hilft hoffentlich uns etwas sicherer im Alltag zu machen, und auf einige Unarten hinzuweisen, die man besser vermeiden sollte \ud83d\ude09<\/p>\n","protected":false},"excerpt":{"rendered":"<p>Gefahren im Alltag, t\u00e4glich kommen wir mit unseren Hunden in Situationen, wo es unter Umst\u00e4nden<\/p>\n","protected":false},"author":1,"featured_media":0,"parent":0,"menu_order":0,"comment_status":"closed","ping_status":"closed","template":"","meta":{"footnotes":""},"class_list":["post-314","page","type-page","status-publish","hentry"],"_links":{"self":[{"href":"https:\/\/briard-bruno.com\/index.php\/wp-json\/wp\/v2\/pages\/314","targetHints":{"allow":["GET"]}}],"collection":[{"href":"https:\/\/briard-bruno.com\/index.php\/wp-json\/wp\/v2\/pages"}],"about":[{"href":"https:\/\/briard-bruno.com\/index.php\/wp-json\/wp\/v2\/types\/page"}],"author":[{"embeddable":true,"href":"https:\/\/briard-bruno.com\/index.php\/wp-json\/wp\/v2\/users\/1"}],"replies":[{"embeddable":true,"href":"https:\/\/briard-bruno.com\/index.php\/wp-json\/wp\/v2\/comments?post=314"}],"version-history":[{"count":2,"href":"https:\/\/briard-bruno.com\/index.php\/wp-json\/wp\/v2\/pages\/314\/revisions"}],"predecessor-version":[{"id":317,"href":"https:\/\/briard-bruno.com\/index.php\/wp-json\/wp\/v2\/pages\/314\/revisions\/317"}],"wp:attachment":[{"href":"https:\/\/briard-bruno.com\/index.php\/wp-json\/wp\/v2\/media?parent=314"}],"curies":[{"name":"wp","href":"https:\/\/api.w.org\/{rel}","templated":true}]}}