{"id":264,"date":"2020-09-09T19:25:09","date_gmt":"2020-09-09T19:25:09","guid":{"rendered":"https:\/\/briard-bruno.com\/?page_id=264"},"modified":"2020-09-12T19:34:08","modified_gmt":"2020-09-12T19:34:08","slug":"der-alltag","status":"publish","type":"page","link":"https:\/\/briard-bruno.com\/index.php\/der-alltag\/","title":{"rendered":"Der Alltag"},"content":{"rendered":"\n<p>und t\u00e4glich gr\u00fc\u00dft der Briard aufs neue \ud83d\ude09<\/p>\n\n\n\n<p>Nun ist er da, erst nur der Gedanke,dann pl\u00f6tzlich der Hund, und dann auf einmal der Alltag, na huch, wie geht das denn, und wie geht man damit um ?!<\/p>\n\n\n\n<p>Nat\u00fcrlich hat man sich vorher schon ausgemalt wie sch\u00f6n das alles ist, Freizeit, Urlaub, ein Hund, spielen, und rumtoben, v\u00f6llig unbeschwert ,und dann kommt es doch anders,pl\u00f6tzlich hat man doch nicht soviel Zeit wie gedacht,der Hund macht mehr Arbeit als geplant, man hat weniger Zeit als man gerne h\u00e4tte. Keine Angst, das ist alles v\u00f6llig normal, hat man auch ab und an den Eindruck es k\u00f6nnte zu viel werden, so regelt sich oft alles ganz von selbst, und zwar genau dann , wenn man sich Priorit\u00e4ten setzt. <\/p>\n\n\n\n<figure class=\"wp-block-image size-large\"><img loading=\"lazy\" decoding=\"async\" width=\"1024\" height=\"768\" src=\"https:\/\/briard-bruno.com\/wp-content\/uploads\/2020\/09\/Bruno-Strabrechtse-Heide-1-1024x768.jpg\" alt=\"\" class=\"wp-image-275\" srcset=\"https:\/\/briard-bruno.com\/wp-content\/uploads\/2020\/09\/Bruno-Strabrechtse-Heide-1-1024x768.jpg 1024w, https:\/\/briard-bruno.com\/wp-content\/uploads\/2020\/09\/Bruno-Strabrechtse-Heide-1-300x225.jpg 300w, https:\/\/briard-bruno.com\/wp-content\/uploads\/2020\/09\/Bruno-Strabrechtse-Heide-1-768x576.jpg 768w, https:\/\/briard-bruno.com\/wp-content\/uploads\/2020\/09\/Bruno-Strabrechtse-Heide-1-720x540.jpg 720w, https:\/\/briard-bruno.com\/wp-content\/uploads\/2020\/09\/Bruno-Strabrechtse-Heide-1.jpg 1400w\" sizes=\"auto, (max-width: 1024px) 100vw, 1024px\" \/><figcaption>dav<\/figcaption><\/figure>\n\n\n\n<p>Was ist, oder was war einem zu Beginn wichtig ? genau, ein Hund, und nat\u00fcrlich die Familie, was ist jetzt anders ? Richtig, der Alltag, also alles das wor\u00fcber man nicht wirklich so ganz genau nachgedacht hat. Nun, jetzt geht man einfach vor wie vorher, die Freizeit mit Familie und Hund, und der Rest kann warten, sicherlich sind andere Dinge auch wichtig, aber eben nicht ganz so \ud83d\ude09 Arbeit, OK, die muss meist ,man braucht ja Geld. und dann muss man halt lernen die Dinge etwas anders zu koordinieren. Wenn man sich jetzt nicht verr\u00fcckt macht, kommt man ganz von selbst dahinter, man regelt Sachen mal eben zwischendurch, nur drauf achten, das man sich nicht verzettelt .  Genau, das war das Stichwort, alles auf den Zettel, und dann nach Wichtigkeit abhandeln,oder gar verwerfen, falls es sich als nebens\u00e4chlich ergibt.<\/p>\n\n\n\n<p>Auch wenn man sich manchmal alles anders vorgestellt hat, wichtig ist, das man den Ursprung nicht aus den Augen verliert. Wer hat es nicht schon in den Medien gelesen ,oder geh\u00f6rt, Hund ausgesetzt, oder im Wald angebunden,oder ,oder, das ist ohne Zweifel niemals eine Option. Sollte man Probleme haben, so findet sich immer Hilfe, sei es \u00fcber Foren, oder auch den Z\u00fcchter, oder im Notfall ein Tierheim, sicher nicht sch\u00f6n, aber alles ist besser als das Tier unn\u00fctz zu qu\u00e4len.<\/p>\n\n\n\n<p>Der Alltag ver\u00e4ndert sich aber zum Gl\u00fcck in den meisten F\u00e4llen, zu einem positiveren Erlebnis, mit viel Freude, kaputten Vasen,zerlegten Bettdecken, angeknabberten Tischen und St\u00fchlen, und einer Menge Tr\u00e4nen der Freude,und nat\u00fcrlich vor lachen. <\/p>\n\n\n\n<figure class=\"wp-block-embed-youtube wp-block-embed is-type-video is-provider-youtube wp-embed-aspect-16-9 wp-has-aspect-ratio\"><div class=\"wp-block-embed__wrapper\">\n<iframe loading=\"lazy\" title=\"Bruno Im Sommer am und im Wasser, Hund,Wald,Briard\" width=\"640\" height=\"360\" src=\"https:\/\/www.youtube.com\/embed\/iLOD69hVZ08?feature=oembed\" frameborder=\"0\" allow=\"accelerometer; autoplay; clipboard-write; encrypted-media; gyroscope; picture-in-picture; web-share\" referrerpolicy=\"strict-origin-when-cross-origin\" allowfullscreen><\/iframe>\n<\/div><\/figure>\n\n\n\n<p>Und nun, mal die andere Seite betrachtet, wie sieht der Hund das ganze ? Gute Frage, wir wissen es nicht, aber wir vermuten, und hoffen, und so soll es auch sein, auch der Schnuffel f\u00fchlt Ver\u00e4nderungen, auch er wird sich der Situation so nach und nach anpassen, meistens jedenfalls \ud83d\ude09 Er, oder Sie wird sich nach Euch richten, mal mehr , mal weniger, denn auch Hunde f\u00fchlen sich nicht jeden tag Top, nur k\u00f6nnen sie es oft besser verbergen, achtet auf den Hund, schaut wie er euch beobachtet, und wie er sich verh\u00e4lt, so k\u00f6nnen alle von einander lernen.  Wenn man das so einigerma\u00dfen raus hat, dann ist der Alltag sicher kein Problem, man meistert ihn, wie alles andere auch !   Also, Ihr wisst schon, es gibt nix zu tun, also schauen wir mal was geht !<\/p>\n","protected":false},"excerpt":{"rendered":"<p>und t\u00e4glich gr\u00fc\u00dft der Briard aufs neue \ud83d\ude09 Nun ist er da, erst nur der<\/p>\n","protected":false},"author":1,"featured_media":0,"parent":0,"menu_order":0,"comment_status":"closed","ping_status":"closed","template":"","meta":{"footnotes":""},"class_list":["post-264","page","type-page","status-publish","hentry"],"_links":{"self":[{"href":"https:\/\/briard-bruno.com\/index.php\/wp-json\/wp\/v2\/pages\/264","targetHints":{"allow":["GET"]}}],"collection":[{"href":"https:\/\/briard-bruno.com\/index.php\/wp-json\/wp\/v2\/pages"}],"about":[{"href":"https:\/\/briard-bruno.com\/index.php\/wp-json\/wp\/v2\/types\/page"}],"author":[{"embeddable":true,"href":"https:\/\/briard-bruno.com\/index.php\/wp-json\/wp\/v2\/users\/1"}],"replies":[{"embeddable":true,"href":"https:\/\/briard-bruno.com\/index.php\/wp-json\/wp\/v2\/comments?post=264"}],"version-history":[{"count":12,"href":"https:\/\/briard-bruno.com\/index.php\/wp-json\/wp\/v2\/pages\/264\/revisions"}],"predecessor-version":[{"id":283,"href":"https:\/\/briard-bruno.com\/index.php\/wp-json\/wp\/v2\/pages\/264\/revisions\/283"}],"wp:attachment":[{"href":"https:\/\/briard-bruno.com\/index.php\/wp-json\/wp\/v2\/media?parent=264"}],"curies":[{"name":"wp","href":"https:\/\/api.w.org\/{rel}","templated":true}]}}