{"id":243,"date":"2020-07-20T07:42:16","date_gmt":"2020-07-20T07:42:16","guid":{"rendered":"https:\/\/briard-bruno.com\/?page_id=243"},"modified":"2020-08-04T09:17:08","modified_gmt":"2020-08-04T09:17:08","slug":"frei-laufenohne-leine","status":"publish","type":"page","link":"https:\/\/briard-bruno.com\/index.php\/frei-laufenohne-leine\/","title":{"rendered":"Frei laufen,ohne Leine"},"content":{"rendered":"\n<p>Frei laufen,ohne Leine, geht das , und darf das ?<\/p>\n\n\n\n<p>Kurz gesagt ja, das soll,und muss sogar, vorausgesetzt man m\u00f6chte seinen Hund offen ,und als Familien-Hund erziehen. Man sollte sich aber auch im klaren sein, je nach Hundetyp, das dies mal mehr oder weniger gut funktioniert zu Beginn.<\/p>\n\n\n\n<p>Es gibt da immer so einige Dinge , die mit ins Gewicht fallen, wie steht die Rasse da, es gibt hier,wie auch bei Menschen, die Ruhigen, die Vertr\u00e4umten, die Nachdenklichen , die Party-Typen, und die J\u00e4ger oder Polizisten \ud83d\ude09 So is dem einen v\u00f6llig egal was um ihn rum passiert,schn\u00fcffelt an den Bl\u00fcmchen, der Andere aber rei\u00dft die Blume am Rand sofort raus, da sie nicht am rechten Platz steht.<\/p>\n\n\n\n<figure class=\"wp-block-image size-large\"><img loading=\"lazy\" decoding=\"async\" width=\"1024\" height=\"688\" src=\"https:\/\/briard-bruno.com\/wp-content\/uploads\/2020\/07\/Mierlo-am-T\u00fcmpel-im-Wald-1024x688.jpg\" alt=\"\" class=\"wp-image-246\" srcset=\"https:\/\/briard-bruno.com\/wp-content\/uploads\/2020\/07\/Mierlo-am-T\u00fcmpel-im-Wald-1024x688.jpg 1024w, https:\/\/briard-bruno.com\/wp-content\/uploads\/2020\/07\/Mierlo-am-T\u00fcmpel-im-Wald-300x202.jpg 300w, https:\/\/briard-bruno.com\/wp-content\/uploads\/2020\/07\/Mierlo-am-T\u00fcmpel-im-Wald-768x516.jpg 768w, https:\/\/briard-bruno.com\/wp-content\/uploads\/2020\/07\/Mierlo-am-T\u00fcmpel-im-Wald.jpg 1400w\" sizes=\"auto, (max-width: 1024px) 100vw, 1024px\" \/><figcaption>6 Monate und 1Woche alt ,Im Wald am Wasserloch, ohne Leine <\/figcaption><\/figure>\n\n\n\n<p>Hier kommen wir zum Briard, er ist umg\u00e4nglich,freundlich,verspielt,etwas rabiat,nicht ganz so verschmust (die Jungs zumindest), aber, er passt schon als Kleinkind auf sein Rudel auf, das soll hei\u00dfen, ohne das er darauf trainiert wurde, achtet er drauf das sein Rudel,die Familie in dem Fall, zusammen bleibt. die Abst\u00e4nde der einzelnen Mitglieder regelt er nach seinem Sicherheitsgef\u00fchl. Wird der Abstand von einzelnen Familienmitgliedern zu gro\u00df, wird gezottelt an Hand und Bein ,bis es wieder passt. Die Herde wird immer zusammen gehalten, und besch\u00fctzt, daf\u00fcr wurden sie gez\u00fcchtet ,und das steckt ihnen im Blut. <\/p>\n\n\n\n<p>Hier kommt das Thema &#8222;frei laufen&#8220; ins Spiel, es sollte so fr\u00fch als m\u00f6glich begonnen werden ( das aber in den daf\u00fcr frei gegebenen Gebieten). Der junge Briard muss sein Wesen Formen, dazu geh\u00f6ren, soziale Kontakte,somit auch der Umgang mit anderen Artgenossen, so lernt er, das nicht jeder sein Freund, oder Feind ist, und wie er mit den jeweiligen Rabauken umzugehen hat. Zum einen muss er die Situation einsch\u00e4tzen lernen, ist es f\u00fcr sich zum spielen, oder andersrum, zum Umgang Fremder im Zusammenspiel mit seiner Familie.  <\/p>\n\n\n\n<p>Hier wird schnell klar &#8222;jetzt spielen ,jippie, sicher ,ja klar&#8220; , aber nicht immer, nicht selten kommt auch &#8222;jaaa, macht mal ruhig, aber lieber ohne mich&#8220; . Der Briard hat sein eigenes, nicht immer ganz durchschaubares Wesen, mal geht er ab wie Schmitts Katze, und ist nicht zu bremsen, und mal ist ihm alles scheinbar schiet egal. Im Wachstum ist dies etwas h\u00e4ufiger zu sehen, mal ist es ein Schub, und er w\u00e4chst in einer Woche mal um 3 cm,das macht schmerzen in den Gelenken,mal sind es die Z\u00e4hne, es ist halt wie bei Menschenkindern auch. So setzt sich eben auch sein Verhalten au\u00dferhalb, und beim Freilaufen zusammen.<\/p>\n\n\n\n<figure class=\"wp-block-embed-youtube wp-block-embed is-type-video is-provider-youtube wp-embed-aspect-16-9 wp-has-aspect-ratio\"><div class=\"wp-block-embed__wrapper\">\n<iframe loading=\"lazy\" title=\"Hunde Freilaufplatz und soziale Kontakte\" width=\"640\" height=\"360\" src=\"https:\/\/www.youtube.com\/embed\/fEPh5gNp5eA?feature=oembed\" frameborder=\"0\" allow=\"accelerometer; autoplay; clipboard-write; encrypted-media; gyroscope; picture-in-picture; web-share\" referrerpolicy=\"strict-origin-when-cross-origin\" allowfullscreen><\/iframe>\n<\/div><\/figure>\n\n\n\n<p>Man brauch sich also nicht wundern, wenn er mal direkt los rennt, und das n\u00e4chste mal ,wenn man ihn von der Leine macht, er sich einfach hinlegt, dann ist das einfach so, wenn nun andere Spielgef\u00e4hrten auf ihn zu kommen, zeigt er an &#8222;ja warte,geht gleich los&#8220;  oder &#8220; bleib weg,ich will nicht&#8220; , hier ist es dann sinnvoll auf die &#8222;Hundesprache&#8220; zu achten. Nach M\u00f6glichkeit sollte man den J\u00fcngling zu nichts zwingen, au\u00dfer halt ins Auto wenn man nach Hause muss, oder auch wenn es zum Arzt geht, da muss er schonmal den Hintern heben, aber ansonsten, wenn es nicht n\u00f6tig ist, sollte man ihn auch ruhen lassen. Der K\u00f6rper gibt die Geschwindigkeit vor, die Gesundheit und das Wohlbefinden immer voran, allerdings aufpassen das man sich keinen vollgemampften Faulpelz heran zieht \ud83d\ude09 <\/p>\n\n\n\n<p><span class=\"has-inline-color has-vivid-green-cyan-color\"><strong>Werbung<\/strong><\/span><\/p>\n\n\n\n<p>Schaut euch Sprachkurs Hund mit Martin R\u00fctter: K\u00f6rpersprache und Kommunikation von Buisman, Andrea mal an! <a href=\"https:\/\/amzn.to\/3jnEDGT\">https:\/\/amzn.to\/3jnEDGT<\/a> via @amazon<\/p>\n\n\n\n<p>Nun aber weiter zur &#8222;ohne Leine &#8222;, meist sind wir in unseren Gedanken recht \u00e4ngstlich, da man im Leben schon viel Erfahrung sammeln durfte, nun muss man diese einsetzen , und diese Erfahrung in Vertrauen umwandeln, oft nicht leicht, aber meist wird man \u00fcberrascht sein, wie weit man neben seiner Annahme lag . Der Hund rennt nicht weg &#8222;ui, das h\u00e4tte ich jetzt nicht gedacht&#8220; im Gegenteil l\u00e4uft er so ziemlich gleichauf. Auch schaut er sich st\u00e4ndig um, schaut wo wir sind, und ob alles in Ordnung ist, das ist ganz normales famili\u00e4res Verhalten, und so sollte es auch sein. Je \u00f6fter man dies Trainiert, \u00fcbt, oder wie auch immer, umso besser ist das Zusammenspiel, wenn das funktioniert, muss man weiter daran arbeiten die Regeln festzulegen und auszubauen. Wie Regeln ?!? , frei laufen hei\u00dft im Umkehrschluss auch, schnell reagieren, zum einen vom Hund, zum Anderen vom Herrchen oder Frauchen, klare und eindeutige Kommandos f\u00fchren zu klarem und deutlichem Verhalten. Der Hund sollte in jeder Situation (na gut, fast jeder ) zum Stop gebracht werden k\u00f6nnen, klappt nicht immer, ist aber um so wichtiger, denn dann klappt das auch in der Situation wo es sein muss, wie unter anderem eventuell ein &#8222;Sitz&#8220; oder &#8222;Halt&#8220; an einer Stra\u00dfe, oder ein &#8222;Aus&#8220; wenn er grad Nachbars Schlafanzug von der Leine stibitzen will. <\/p>\n","protected":false},"excerpt":{"rendered":"<p>Frei laufen,ohne Leine, geht das , und darf das ? Kurz gesagt ja, das soll,und<\/p>\n","protected":false},"author":1,"featured_media":0,"parent":0,"menu_order":0,"comment_status":"closed","ping_status":"closed","template":"","meta":{"footnotes":""},"class_list":["post-243","page","type-page","status-publish","hentry"],"_links":{"self":[{"href":"https:\/\/briard-bruno.com\/index.php\/wp-json\/wp\/v2\/pages\/243","targetHints":{"allow":["GET"]}}],"collection":[{"href":"https:\/\/briard-bruno.com\/index.php\/wp-json\/wp\/v2\/pages"}],"about":[{"href":"https:\/\/briard-bruno.com\/index.php\/wp-json\/wp\/v2\/types\/page"}],"author":[{"embeddable":true,"href":"https:\/\/briard-bruno.com\/index.php\/wp-json\/wp\/v2\/users\/1"}],"replies":[{"embeddable":true,"href":"https:\/\/briard-bruno.com\/index.php\/wp-json\/wp\/v2\/comments?post=243"}],"version-history":[{"count":11,"href":"https:\/\/briard-bruno.com\/index.php\/wp-json\/wp\/v2\/pages\/243\/revisions"}],"predecessor-version":[{"id":261,"href":"https:\/\/briard-bruno.com\/index.php\/wp-json\/wp\/v2\/pages\/243\/revisions\/261"}],"wp:attachment":[{"href":"https:\/\/briard-bruno.com\/index.php\/wp-json\/wp\/v2\/media?parent=243"}],"curies":[{"name":"wp","href":"https:\/\/api.w.org\/{rel}","templated":true}]}}