{"id":233,"date":"2020-07-18T11:51:31","date_gmt":"2020-07-18T11:51:31","guid":{"rendered":"https:\/\/briard-bruno.com\/?page_id=233"},"modified":"2020-11-01T19:55:50","modified_gmt":"2020-11-01T19:55:50","slug":"clips-teil-2","status":"publish","type":"page","link":"https:\/\/briard-bruno.com\/index.php\/clips-mit-mir\/clips-teil-2\/","title":{"rendered":"Clips Teil 2"},"content":{"rendered":"\n<p>Clips die Zweite, nat\u00fcrlich geht es weiter, aber nicht alles auf einmal, nein eher so p\u00f6 a p\u00f6 , und da komm ich mal gleich zu einer spannenden Sache, die da w\u00e4re, das erste mal im Wald ohne Leine. Sicherlich hat mann doch ein eher ungutes Gef\u00fchl, l\u00e4uft er weg, wenn ja wohin, findet mann ihn wieder, kann er sich verlaufen, kommt er zur\u00fcck wenn mann ihn ruft ? Verdammt viele Fragen, auf die mann nur in der Praxis eine Antwort findet. Die Hunde-Frauchen Lehrerin meinte, mann soll vertrauen haben&#8230;.ob das so geht&#8230;seht selbst .<\/p>\n\n\n\n<figure class=\"wp-block-embed-youtube wp-block-embed is-type-video is-provider-youtube wp-embed-aspect-16-9 wp-has-aspect-ratio\"><div class=\"wp-block-embed__wrapper\">\n<iframe loading=\"lazy\" title=\"Freilaufgebiet im Wald,das erste Mal ohne Leine im Wald\" width=\"640\" height=\"360\" src=\"https:\/\/www.youtube.com\/embed\/yHLMDi8OIqM?feature=oembed\" frameborder=\"0\" allow=\"accelerometer; autoplay; clipboard-write; encrypted-media; gyroscope; picture-in-picture; web-share\" referrerpolicy=\"strict-origin-when-cross-origin\" allowfullscreen><\/iframe>\n<\/div><\/figure>\n\n\n\n<p>Tjaa,, und dann ist es soweit, der erste Kontakt mit fremden Hunden,und mann hat nicht wirklich die M\u00f6glichkeit etwas zu tun, au\u00dfer abzuwarten was wohl passieren wird &#8230;<\/p>\n\n\n\n<figure class=\"wp-block-embed-youtube wp-block-embed is-type-video is-provider-youtube wp-embed-aspect-16-9 wp-has-aspect-ratio\"><div class=\"wp-block-embed__wrapper\">\n<iframe loading=\"lazy\" title=\"Freilaufgebiet, der erste Kontakt mit Fremden Artgenossen\" width=\"640\" height=\"360\" src=\"https:\/\/www.youtube.com\/embed\/XEaSGvPELjk?start=2&#038;feature=oembed\" frameborder=\"0\" allow=\"accelerometer; autoplay; clipboard-write; encrypted-media; gyroscope; picture-in-picture; web-share\" referrerpolicy=\"strict-origin-when-cross-origin\" allowfullscreen><\/iframe>\n<\/div><\/figure>\n\n\n\n<p>ja, mann soll Vertrauen haben, aber trotzdem die M\u00f6glichkeit in betracht ziehen, im Ernstfall eingreifen zu k\u00f6nnen. Und, mann sollte lernen seinen Hund zu verstehen, viele Hundeschulen bieten den Kurs Hundesprache extra an, sollte mann teilnehmen, ist sehr interessant und informativ. Oder aber ein Buch, geht auch, so etwas :  Sprachkurs Hund mit Martin R\u00fctter: K\u00f6rpersprache und Kommunikation von Buisman, Andrea! <a href=\"https:\/\/amzn.to\/2OFRjdT\">https:\/\/amzn.to\/2OFRjdT<\/a> via @amazon<\/p>\n\n\n\n<figure class=\"wp-block-embed-youtube wp-block-embed is-type-video is-provider-youtube wp-embed-aspect-16-9 wp-has-aspect-ratio\"><div class=\"wp-block-embed__wrapper\">\n<iframe loading=\"lazy\" title=\"Hunde Freilaufplatz und soziale Kontakte\" width=\"640\" height=\"360\" src=\"https:\/\/www.youtube.com\/embed\/fEPh5gNp5eA?feature=oembed\" frameborder=\"0\" allow=\"accelerometer; autoplay; clipboard-write; encrypted-media; gyroscope; picture-in-picture; web-share\" referrerpolicy=\"strict-origin-when-cross-origin\" allowfullscreen><\/iframe>\n<\/div><\/figure>\n\n\n\n<p>Da es im Wald so gut geklappt hat, ging es auf einen Hunde-Freilaufplatz der sehr unterschiedlich besucht ist, diesmal nur ein Sportsfreund anwesend, war aber auch interessant, kurzes kennen lernen, schn\u00fcffeln, und auf gehts.<\/p>\n\n\n\n<p>Briard Aufkleber gibts hier :  <a href=\"https:\/\/amzn.to\/3oL49II\">https:\/\/amzn.to\/3oL49II<\/a> via @amazon<\/p>\n\n\n\n<p><\/p>\n\n\n\n<p>So jetzt mal ein kleiner R\u00fcckblick, n\u00e4mlich hier war ich dann noch etwas j\u00fcnger, und hatte trotz Leine ne Menge Spa\u00df, schlie\u00dflich konnte man mich da noch nicht ohne rumrennen lassen, dann w\u00e4re ich erstmal stiften gegangen \ud83d\ude09<\/p>\n\n\n\n<figure class=\"wp-block-embed-youtube wp-block-embed is-type-video is-provider-youtube wp-embed-aspect-16-9 wp-has-aspect-ratio\"><div class=\"wp-block-embed__wrapper\">\n<iframe loading=\"lazy\" title=\"07-05-2020 rund 4,5 Monate alt beim Toben auf ner Wiese,mit Automatikleine\" width=\"640\" height=\"360\" src=\"https:\/\/www.youtube.com\/embed\/GKSfIG3KPu4?feature=oembed\" frameborder=\"0\" allow=\"accelerometer; autoplay; clipboard-write; encrypted-media; gyroscope; picture-in-picture; web-share\" referrerpolicy=\"strict-origin-when-cross-origin\" allowfullscreen><\/iframe>\n<\/div><figcaption>Spielen auf Wiese an 8m Automatikleine bis 50 KG<\/figcaption><\/figure>\n\n\n\n<p>Mit Leine ist zwar doof, aber in einem bestimmten Alter ist das so ne Sache, da setzt das Hirn manchmal aus, wenn man irgendwas interessantes findet<\/p>\n\n\n\n<p> .  <\/p>\n\n\n\n<figure class=\"wp-block-embed-youtube wp-block-embed is-type-video is-provider-youtube wp-embed-aspect-16-9 wp-has-aspect-ratio\"><div class=\"wp-block-embed__wrapper\">\n<iframe loading=\"lazy\" title=\"Briard mit 8 Monaten und ner Woche ,verspielt und fit\" width=\"640\" height=\"360\" src=\"https:\/\/www.youtube.com\/embed\/nXRlox7AS3I?feature=oembed\" frameborder=\"0\" allow=\"accelerometer; autoplay; clipboard-write; encrypted-media; gyroscope; picture-in-picture; web-share\" referrerpolicy=\"strict-origin-when-cross-origin\" allowfullscreen><\/iframe>\n<\/div><figcaption>Hier mal ein kleiner Einblick in meine 5 Minuten \ud83d\ude09 &#8230;&#8230;<\/figcaption><\/figure>\n\n\n\n<p>und jetzt mal mit 9 Monaten und 2 Tagen , obs mir gut geht ? na schaut mal , k\u00f6nnt ihr euch dann ja mal n Reim drauf machen &#8230;  \ud83d\ude09<\/p>\n\n\n\n<figure class=\"wp-block-embed-youtube wp-block-embed is-type-video is-provider-youtube wp-embed-aspect-16-9 wp-has-aspect-ratio\"><div class=\"wp-block-embed__wrapper\">\n<iframe loading=\"lazy\" title=\"Bruno mit 9 Monaten und 2 Tagen, Briard, R\u00fcde, im Wachstum\" width=\"640\" height=\"360\" src=\"https:\/\/www.youtube.com\/embed\/fZbbwFd3QWE?feature=oembed\" frameborder=\"0\" allow=\"accelerometer; autoplay; clipboard-write; encrypted-media; gyroscope; picture-in-picture; web-share\" referrerpolicy=\"strict-origin-when-cross-origin\" allowfullscreen><\/iframe>\n<\/div><\/figure>\n","protected":false},"excerpt":{"rendered":"<p>Clips die Zweite, nat\u00fcrlich geht es weiter, aber nicht alles auf einmal, nein eher so<\/p>\n","protected":false},"author":1,"featured_media":0,"parent":117,"menu_order":0,"comment_status":"closed","ping_status":"closed","template":"","meta":{"footnotes":""},"class_list":["post-233","page","type-page","status-publish","hentry"],"_links":{"self":[{"href":"https:\/\/briard-bruno.com\/index.php\/wp-json\/wp\/v2\/pages\/233","targetHints":{"allow":["GET"]}}],"collection":[{"href":"https:\/\/briard-bruno.com\/index.php\/wp-json\/wp\/v2\/pages"}],"about":[{"href":"https:\/\/briard-bruno.com\/index.php\/wp-json\/wp\/v2\/types\/page"}],"author":[{"embeddable":true,"href":"https:\/\/briard-bruno.com\/index.php\/wp-json\/wp\/v2\/users\/1"}],"replies":[{"embeddable":true,"href":"https:\/\/briard-bruno.com\/index.php\/wp-json\/wp\/v2\/comments?post=233"}],"version-history":[{"count":13,"href":"https:\/\/briard-bruno.com\/index.php\/wp-json\/wp\/v2\/pages\/233\/revisions"}],"predecessor-version":[{"id":327,"href":"https:\/\/briard-bruno.com\/index.php\/wp-json\/wp\/v2\/pages\/233\/revisions\/327"}],"up":[{"embeddable":true,"href":"https:\/\/briard-bruno.com\/index.php\/wp-json\/wp\/v2\/pages\/117"}],"wp:attachment":[{"href":"https:\/\/briard-bruno.com\/index.php\/wp-json\/wp\/v2\/media?parent=233"}],"curies":[{"name":"wp","href":"https:\/\/api.w.org\/{rel}","templated":true}]}}