{"id":163,"date":"2020-07-02T20:30:15","date_gmt":"2020-07-02T20:30:15","guid":{"rendered":"https:\/\/briard-bruno.com\/?page_id=163"},"modified":"2020-07-03T19:13:57","modified_gmt":"2020-07-03T19:13:57","slug":"verhaltensregeln-teil-2","status":"publish","type":"page","link":"https:\/\/briard-bruno.com\/index.php\/verhaltensregeln\/verhaltensregeln-teil-2\/","title":{"rendered":"Verhaltensregeln Teil 2"},"content":{"rendered":"\n<p>Und nun die Goldenen Regeln, die man sowieso immer beherzigen sollte<\/p>\n\n\n\n<p><strong>Wenn ich Fresse, bitte nicht st\u00f6ren, Pause ist Pause&#8230;klaro ? <\/strong><\/p>\n\n\n\n<p><strong>Stehst Du mir im weg, will ich wissen , wer bist du, und warum stehst du da !?<\/strong>   ist es trotteliges &#8222;im Weg sehen&#8220; oder verfolgst du etwas b\u00f6swilliges ? um das zu checken, komm ich zu dir, ich schn\u00fcffel, um zu sehen wer du bist, also bleib ruhig stehen, und <strong>laufe bitte nicht weg<\/strong>, warum, naja, zum einen muss ich schauen warum du stiften gehst, und zum anderen weckt das meinen Jagd-Trieb, beides ist nicht sehr Vorteilhaft f\u00fcr dich, auf die eine oder andere Art.<\/p>\n\n\n\n<figure class=\"wp-block-image size-large\"><img loading=\"lazy\" decoding=\"async\" width=\"1024\" height=\"703\" src=\"https:\/\/briard-bruno.com\/wp-content\/uploads\/2020\/07\/ich-bin-noch-klein-und-schlafe-1-1024x703.jpg\" alt=\"\" class=\"wp-image-170\" srcset=\"https:\/\/briard-bruno.com\/wp-content\/uploads\/2020\/07\/ich-bin-noch-klein-und-schlafe-1-1024x703.jpg 1024w, https:\/\/briard-bruno.com\/wp-content\/uploads\/2020\/07\/ich-bin-noch-klein-und-schlafe-1-300x206.jpg 300w, https:\/\/briard-bruno.com\/wp-content\/uploads\/2020\/07\/ich-bin-noch-klein-und-schlafe-1-768x527.jpg 768w, https:\/\/briard-bruno.com\/wp-content\/uploads\/2020\/07\/ich-bin-noch-klein-und-schlafe-1-1536x1054.jpg 1536w, https:\/\/briard-bruno.com\/wp-content\/uploads\/2020\/07\/ich-bin-noch-klein-und-schlafe-1.jpg 1600w\" sizes=\"auto, (max-width: 1024px) 100vw, 1024px\" \/><figcaption>hier bin ich beinahe 3 Monate &#8222;alt&#8220;<\/figcaption><\/figure>\n\n\n\n<p><strong>Vielleicht schn\u00fcffel ich an dir, dann bleib still stehen<\/strong>, lecke ich dich ab, ist in der Regel alles gut. Halte  ich dich mit dem Maul fest (das ist dann kein bei\u00dfen) oder versuche dich wegzuziehen, dann stimmt was nicht. Entweder droht uns ,oder dir Gefahr, oder ich m\u00f6chte dir was zeigen, kennst du meine Mimik , wei\u00dft du sicher was ich meine. Solltest du nach mir oder meiner Familie treten, oder schlagen wollen, bitte lass es, das bringt nur \u00c4rger !   Sei dir sicher, bevor ich was tu, haste schon ein paar Backenplatten von meinem Herrchen bekommen ,der versteht da weniger Spa\u00df als ich.<\/p>\n\n\n\n<p><strong>Irrglaube<\/strong>, oft denken Einige, &#8220; och ,ich kenn auch andere Hunde,das geht schon so&#8220;  wie bei Menschen, sind wir alle unterschiedlich , im Wesen,wie im Handeln, also uffpasse \ud83d\ude09 lieber vorher fragen \ud83d\ude09<\/p>\n\n\n\n<figure class=\"wp-block-image size-large\"><img loading=\"lazy\" decoding=\"async\" width=\"1024\" height=\"878\" src=\"https:\/\/briard-bruno.com\/wp-content\/uploads\/2020\/07\/3-Monate-alt-1-1024x878.jpg\" alt=\"Briard Bruno 3 Monate alt ,vor Couch mit St\u00f6ckchen\" class=\"wp-image-172\" srcset=\"https:\/\/briard-bruno.com\/wp-content\/uploads\/2020\/07\/3-Monate-alt-1-1024x878.jpg 1024w, https:\/\/briard-bruno.com\/wp-content\/uploads\/2020\/07\/3-Monate-alt-1-300x257.jpg 300w, https:\/\/briard-bruno.com\/wp-content\/uploads\/2020\/07\/3-Monate-alt-1-768x659.jpg 768w, https:\/\/briard-bruno.com\/wp-content\/uploads\/2020\/07\/3-Monate-alt-1-1536x1317.jpg 1536w, https:\/\/briard-bruno.com\/wp-content\/uploads\/2020\/07\/3-Monate-alt-1.jpg 1600w\" sizes=\"auto, (max-width: 1024px) 100vw, 1024px\" \/><figcaption>dav<\/figcaption><\/figure>\n\n\n\n<p><strong>Thema Blicke<\/strong>, verh\u00e4lt sich meine Gegen\u00fcber merkw\u00fcrdig, schaue ich genauer hin, bitte tut nicht selbiges mit mir, und stiere mich nicht an. Warum ? naja, unter meinesgleichen ist das so ne Art Check wer mehr drauf hat, glaub mir, du ziehst den K\u00fcrzeren.<\/p>\n\n\n\n<p>Also, Kurz zusammen gefasst :<\/p>\n\n\n\n<ul class=\"wp-block-list\"><li>Nicht nerven !<\/li><li>nicht wegrennen<\/li><li>nicht anstieren<\/li><li>nicht ohne Erlaubnis knuddeln<\/li><li>nicht beim fressen st\u00f6ren (auch nix hinhalten,was nicht f\u00fcr mich ist )<\/li><li>nicht schreien,treten,Haare ziehen, oder sowas halt<\/li><\/ul>\n\n\n\n<p>Das alles mag eventuell etwas hart klingen, vielleicht fassen es einige sogar als, b\u00f6se, arrogant, oder gef\u00e4hrlich auf, ist es aber nicht, so sind die Gesetze der Natur, und denen folgen wir. Das Andere sind vielleicht die Gesetze der Menschen, die sind f\u00fcr unsereins nur bedingt g\u00fcltig, behaltet das bitte immer im Hinterkopf, dann sollte man ganz gut miteinander klar kommen. <\/p>\n","protected":false},"excerpt":{"rendered":"<p>Und nun die Goldenen Regeln, die man sowieso immer beherzigen sollte Wenn ich Fresse, bitte<\/p>\n","protected":false},"author":1,"featured_media":0,"parent":144,"menu_order":1,"comment_status":"closed","ping_status":"closed","template":"","meta":{"footnotes":""},"class_list":["post-163","page","type-page","status-publish","hentry"],"_links":{"self":[{"href":"https:\/\/briard-bruno.com\/index.php\/wp-json\/wp\/v2\/pages\/163","targetHints":{"allow":["GET"]}}],"collection":[{"href":"https:\/\/briard-bruno.com\/index.php\/wp-json\/wp\/v2\/pages"}],"about":[{"href":"https:\/\/briard-bruno.com\/index.php\/wp-json\/wp\/v2\/types\/page"}],"author":[{"embeddable":true,"href":"https:\/\/briard-bruno.com\/index.php\/wp-json\/wp\/v2\/users\/1"}],"replies":[{"embeddable":true,"href":"https:\/\/briard-bruno.com\/index.php\/wp-json\/wp\/v2\/comments?post=163"}],"version-history":[{"count":5,"href":"https:\/\/briard-bruno.com\/index.php\/wp-json\/wp\/v2\/pages\/163\/revisions"}],"predecessor-version":[{"id":174,"href":"https:\/\/briard-bruno.com\/index.php\/wp-json\/wp\/v2\/pages\/163\/revisions\/174"}],"up":[{"embeddable":true,"href":"https:\/\/briard-bruno.com\/index.php\/wp-json\/wp\/v2\/pages\/144"}],"wp:attachment":[{"href":"https:\/\/briard-bruno.com\/index.php\/wp-json\/wp\/v2\/media?parent=163"}],"curies":[{"name":"wp","href":"https:\/\/api.w.org\/{rel}","templated":true}]}}