{"id":144,"date":"2020-07-01T21:32:14","date_gmt":"2020-07-01T21:32:14","guid":{"rendered":"https:\/\/briard-bruno.com\/?page_id=144"},"modified":"2020-07-01T22:26:25","modified_gmt":"2020-07-01T22:26:25","slug":"verhaltensregeln","status":"publish","type":"page","link":"https:\/\/briard-bruno.com\/index.php\/verhaltensregeln\/","title":{"rendered":"Verhaltensregeln"},"content":{"rendered":"\n<p>Verhaltensregeln, wer hier rauf achtet, wird keine Probleme mit mir bekommen, zumindest nicht gleich \ud83d\ude09<\/p>\n\n\n\n<p>Mal eines Vorweg, sicher bin ich niedlich, aber das t\u00e4uscht, ich habe Z\u00e4hne,Fell,und vor allem, ich bin ich, hab ein eigenes Leben, bin kein Spielzeug, und sicherlich auch kein Kuscheltier. Also Kuscheltier schon, aber nur f\u00fcr meine Familie,und meine Freunde, und wer diese Jene sind, ja liebe Freunde des guten Geschmackes, ja wer die sind, entscheide ich&#8230;und niemand anders, und das meine ich verdammt ernst !<\/p>\n\n\n\n<figure class=\"wp-block-image size-large\"><img loading=\"lazy\" decoding=\"async\" width=\"1024\" height=\"678\" src=\"https:\/\/briard-bruno.com\/wp-content\/uploads\/2020\/07\/strabrechtse-Heide-2-1024x678.jpg\" alt=\"\" class=\"wp-image-149\" srcset=\"https:\/\/briard-bruno.com\/wp-content\/uploads\/2020\/07\/strabrechtse-Heide-2-1024x678.jpg 1024w, https:\/\/briard-bruno.com\/wp-content\/uploads\/2020\/07\/strabrechtse-Heide-2-300x199.jpg 300w, https:\/\/briard-bruno.com\/wp-content\/uploads\/2020\/07\/strabrechtse-Heide-2-768x508.jpg 768w, https:\/\/briard-bruno.com\/wp-content\/uploads\/2020\/07\/strabrechtse-Heide-2-1536x1017.jpg 1536w, https:\/\/briard-bruno.com\/wp-content\/uploads\/2020\/07\/strabrechtse-Heide-2.jpg 1600w\" sizes=\"auto, (max-width: 1024px) 100vw, 1024px\" \/><\/figure>\n\n\n\n<p>Was will ich damit sagen ?  ganz einfach so wie ihr euch Menschen gegen\u00fcber benehmt, so haltet es auch mit mir, nett h\u00f6flich, und mit dem n\u00f6tigen Abstand und Respekt , bis sich irgendwann etwas \u00e4ndert, wann und wo das sein wird, wenn \u00fcberhaupt, das kl\u00e4re ich mit meiner Familie, und erst wenn Alle einverstanden sind, dann wird die \u00c4nderung bekannt gemacht \ud83d\ude09<\/p>\n\n\n\n<p><strong>Liebe Eltern fremder Kinder<\/strong> !  lasst Ihr eure Kinder in unseren Freilaufgebieten auch frei laufen, dann achtet auf Etikette, <strong>wir wollen nur spielen, Ihr auch ?! <\/strong> Oft geht es hier etwas rabiater zu, m\u00f6gt ihr das auch ?<\/p>\n\n\n\n<p><strong>Nicht auf uns zulaufen<\/strong> und rufen oder schreien, das erschreckt uns meist<\/p>\n\n\n\n<p><strong>Bin ich an der Leine<\/strong>, dann hat das einen Grund,also <strong>Abstand halten<\/strong> !<\/p>\n\n\n\n<p><strong>Leckerlies, egal welcher Art, finde ich total super<\/strong>, also fuchtelt mir nicht mit irgendwelchen Leckereien vor der Nase rum, wenn ihr sie mir nicht geben wollt ,das geht schief, k\u00f6nnter glauben&#8230;.<\/p>\n\n\n\n<p><strong>Streicheln, ja das ist auch so ne Sache<\/strong>, kennt Ihr das, wenn die Oma mit nem Taschentuch ankommt, etwas Spucke draufmacht, um irgendwas wegzuwischen, genau so f\u00fchle ich mich dann,   <strong>es nervt meist<\/strong> !  ergo, lasst es lieber \ud83d\ude09<\/p>\n\n\n\n<figure class=\"wp-block-image size-large\"><img loading=\"lazy\" decoding=\"async\" width=\"1024\" height=\"618\" src=\"https:\/\/briard-bruno.com\/wp-content\/uploads\/2020\/07\/Erstkontakt-1024x618.jpg\" alt=\"\" class=\"wp-image-157\" srcset=\"https:\/\/briard-bruno.com\/wp-content\/uploads\/2020\/07\/Erstkontakt-1024x618.jpg 1024w, https:\/\/briard-bruno.com\/wp-content\/uploads\/2020\/07\/Erstkontakt-300x181.jpg 300w, https:\/\/briard-bruno.com\/wp-content\/uploads\/2020\/07\/Erstkontakt-768x464.jpg 768w, https:\/\/briard-bruno.com\/wp-content\/uploads\/2020\/07\/Erstkontakt-1536x927.jpg 1536w, https:\/\/briard-bruno.com\/wp-content\/uploads\/2020\/07\/Erstkontakt.jpg 1600w\" sizes=\"auto, (max-width: 1024px) 100vw, 1024px\" \/><figcaption>Erstkontakt mit Meinesgleichen<br><\/figcaption><\/figure>\n\n\n\n<p>Seht Ihr sowas, n\u00e4mlich eine Kontaktaufnahme mit einem meiner Art, dann lasst uns mal in aller Ruhe machen, auf keinen Fall st\u00f6ren, das m\u00f6gen wir nicht, es ist unsere Freizeit, und unsere Freundschaft !<\/p>\n\n\n\n<figure class=\"wp-block-image size-large\"><img loading=\"lazy\" decoding=\"async\" width=\"1024\" height=\"653\" src=\"https:\/\/briard-bruno.com\/wp-content\/uploads\/2020\/07\/Freundschaft-und-Spiel-1024x653.jpg\" alt=\"\" class=\"wp-image-159\" srcset=\"https:\/\/briard-bruno.com\/wp-content\/uploads\/2020\/07\/Freundschaft-und-Spiel-1024x653.jpg 1024w, https:\/\/briard-bruno.com\/wp-content\/uploads\/2020\/07\/Freundschaft-und-Spiel-300x191.jpg 300w, https:\/\/briard-bruno.com\/wp-content\/uploads\/2020\/07\/Freundschaft-und-Spiel-768x490.jpg 768w, https:\/\/briard-bruno.com\/wp-content\/uploads\/2020\/07\/Freundschaft-und-Spiel-1536x980.jpg 1536w, https:\/\/briard-bruno.com\/wp-content\/uploads\/2020\/07\/Freundschaft-und-Spiel.jpg 1600w\" sizes=\"auto, (max-width: 1024px) 100vw, 1024px\" \/><\/figure>\n\n\n\n<p>wenn es dann soweit ist, ja dann habt Ihr eh keine Chance, jetzt ist &#8222;out of order&#8220; angesagt, das hei\u00dft, hardcore spielen bis zur Ersch\u00f6pfung, also lasst uns mal machen, und steht uns nicht im Weg, wir rennen euch mal um, nicht aus B\u00f6swilligkeit, nee, wir passen nur einfach nicht auf was uns da im Weg steht \ud83d\ude09<\/p>\n","protected":false},"excerpt":{"rendered":"<p>Verhaltensregeln, wer hier rauf achtet, wird keine Probleme mit mir bekommen, zumindest nicht gleich \ud83d\ude09<\/p>\n","protected":false},"author":1,"featured_media":0,"parent":0,"menu_order":0,"comment_status":"closed","ping_status":"closed","template":"","meta":{"footnotes":""},"class_list":["post-144","page","type-page","status-publish","hentry"],"_links":{"self":[{"href":"https:\/\/briard-bruno.com\/index.php\/wp-json\/wp\/v2\/pages\/144","targetHints":{"allow":["GET"]}}],"collection":[{"href":"https:\/\/briard-bruno.com\/index.php\/wp-json\/wp\/v2\/pages"}],"about":[{"href":"https:\/\/briard-bruno.com\/index.php\/wp-json\/wp\/v2\/types\/page"}],"author":[{"embeddable":true,"href":"https:\/\/briard-bruno.com\/index.php\/wp-json\/wp\/v2\/users\/1"}],"replies":[{"embeddable":true,"href":"https:\/\/briard-bruno.com\/index.php\/wp-json\/wp\/v2\/comments?post=144"}],"version-history":[{"count":10,"href":"https:\/\/briard-bruno.com\/index.php\/wp-json\/wp\/v2\/pages\/144\/revisions"}],"predecessor-version":[{"id":161,"href":"https:\/\/briard-bruno.com\/index.php\/wp-json\/wp\/v2\/pages\/144\/revisions\/161"}],"wp:attachment":[{"href":"https:\/\/briard-bruno.com\/index.php\/wp-json\/wp\/v2\/media?parent=144"}],"curies":[{"name":"wp","href":"https:\/\/api.w.org\/{rel}","templated":true}]}}