{"id":132,"date":"2020-06-14T10:56:12","date_gmt":"2020-06-14T10:56:12","guid":{"rendered":"https:\/\/briard-bruno.com\/?page_id=132"},"modified":"2020-06-14T11:44:58","modified_gmt":"2020-06-14T11:44:58","slug":"clips-videos-womit-machen","status":"publish","type":"page","link":"https:\/\/briard-bruno.com\/index.php\/clips-mit-mir\/clips-videos-womit-machen\/","title":{"rendered":"Clips\/Videos womit machen?"},"content":{"rendered":"\n<p>Clips\/Videos womit machen? Diese Frage bekomme ich am h\u00e4ufigsten gestellt. Das kann man entweder ganz einfach beantworten mit: so wie Du es gut findest ,wenn die Filme nur f\u00fcr einen selbst gemacht sind, oder man sich sagt, ja mal eben so um es Bekannten zu zeigen . M\u00f6chte man die Sachen nachbearbeiten, und einer breiten Masse anbieten, dann wird es schon etwas verwurschtelter.<\/p>\n\n\n\n<p>An erster Stelle steht, womit arbeitet man selbst am liebsten, welche Ger\u00e4te findet man f\u00fcr sich am \u00fcbersichtlichsten ?  Die meisten haben eine Vorstellung von dem was sie tun wollen, und womit, arbeitet der eine gerne mit Appel\u00ae ,so ein anderer lieber mit Sony\u00ae ,oder womit auch immer , kommt halt auf den Geschmack an. ich arbeite am liebsten mit JVC\u00ae ,was die Videocam betrifft, und mit Nikon \u00b4,hier speziell mit der D 5200 und verschiedenen Optiken beim Fotografieren  . Sicherlich sind andere \u00e4hnlich gut, daher sag ich ja, jeder muss das f\u00fcr sich entscheiden. <\/p>\n\n\n\n<p>JVC GZ-RX601BEU Full HD Speicherkarten-Camcorder mit robustem &#8222;QUAD PROOF&#8220; Geh\u00e4use und Wi-Fi, schwarz von JVC ! <a rel=\"noreferrer noopener\" href=\"https:\/\/amzn.to\/2YxdhEH\" target=\"_blank\">https:\/\/amzn.to\/2YxdhEH<\/a> via @amazon<\/p>\n\n\n\n<p>Oder hier etwas Preiswerter,aber geht auch; Panasonic HC-V180EG-K Full HD Camcorder (1\/5, 8 Zoll Sensor, Full HD, 50x optischer Zoom, 28 mm Weitwinkel, opt. 5-Achsen Bildstabilisator Hybrid OIS+) schwarz von Panasonic ! <a href=\"https:\/\/amzn.to\/3cZBOY9\" target=\"_blank\" rel=\"noreferrer noopener\">https:\/\/amzn.to\/3cZBOY9<\/a> via @amazon<\/p>\n\n\n\n<p>Warum diese, hier sind die Kriterien ganz einfach, das Ger\u00e4t mu\u00df einfach zu bedienen sein, das ganze schnell erlern- und umsetzbar, und das wichtigste, schnell einsatzbereit . Dazu hier noch einmal angemerkt, es kommen auch mehrere wasserdichte Action-Cams zum Einsatz. <\/p>\n\n\n\n<p>Wichtig ist auch, filmt man viel Abends oder im dunkeln halt, dann eine Cam mit guten Nachteigenschaften , Restlichtverst\u00e4rkung, oder Nachtausleuchtung .<\/p>\n\n\n\n<p>Warum ? Nicht immer ist alles geplant und durchgedacht, meist ist man drau\u00dfen unterwegs, und Zack, da ist die Situation die man wollte , jetzt hei\u00dft es schnell handeln, dann muss die Cam (welche auch immer ) schnell einsatzbereit sein. Das soll hei\u00dfen ; aufklappen, anlegen, anvisieren, abdr\u00fccken, genau wie ein Scharfsch\u00fctze \ud83d\ude09<\/p>\n\n\n\n<p>Daher ist f\u00fcr mich wichtig, das die Kameras schnell betriebsbereit sind, voreingestellt,im Bedarfsfall schnell zu korrigieren (eventuell selbstst\u00e4ndig im Automatik-Modus ) Akkus geladen und schnell wechselbar wenn n\u00f6tig, und eventuell untereinander austauschbar. Oder die Akkus Modell\u00fcbergreifend zu gebrauchen, dann hat mann schon 90% abgedeckt.<\/p>\n\n\n\n<p>Was nun noch fehlt, ist selbstverst\u00e4ndlich die richtige Bearbeitungs- bzw. Schnittsoftware, und hier gilt wie zuvor erw\u00e4hnt, schnell, \u00fcbersichtlich, relativ einfach zu bedienen, und erschwinglich, da h\u00e4ngt es oft etwas, entweder Preiswert, dann fehlt die H\u00e4lfte, oder alles dabei, dann ist es teuer, ist aber heutzutage nicht mehr ganz so schlimm. Es gibt mittlerweile recht gute Software hierf\u00fcr, und sogar kostenlose, allerdings ist die kostenlose sehr umfangreich ,und un\u00fcbersichtlich ,wenn man noch keine Erfahrung hat.<\/p>\n\n\n\n<p>Hiermit arbeite ich, irgendwann damit angefangen,und dabei geblieben; Video deluxe 2020 Premium \u2013 Genau mein Film!|Premium|2 Ger\u00e4te|unbegrenzt|PC|Disc|Disc von MAGIX ! <a rel=\"noreferrer noopener\" href=\"https:\/\/amzn.to\/2C39gQB\" target=\"_blank\">https:\/\/amzn.to\/2C39gQB<\/a> via @amazon<\/p>\n\n\n\n<p>muss man aber nicht,man sollte erstmal ausprobieren was einem liegt,und womit man am besten klar kommt, manch einer schneidet auch auf dem Handy, soll auch gehen, und manchmal macht man halbe Kinofilme  (\u00fcbrigens auch f\u00fcr Freunde, so zum Videoabend,um alte Urlaubs- oder Partyclips zu sehen ) hierf\u00fcr ist z.B. lightworks geeignet ,nat\u00fcrlich sollte dann auch der Computer dazu passen (kostet auch wieder ) <\/p>\n","protected":false},"excerpt":{"rendered":"<p>Clips\/Videos womit machen? Diese Frage bekomme ich am h\u00e4ufigsten gestellt. Das kann man entweder ganz<\/p>\n","protected":false},"author":1,"featured_media":0,"parent":117,"menu_order":0,"comment_status":"closed","ping_status":"closed","template":"","meta":{"footnotes":""},"class_list":["post-132","page","type-page","status-publish","hentry"],"_links":{"self":[{"href":"https:\/\/briard-bruno.com\/index.php\/wp-json\/wp\/v2\/pages\/132","targetHints":{"allow":["GET"]}}],"collection":[{"href":"https:\/\/briard-bruno.com\/index.php\/wp-json\/wp\/v2\/pages"}],"about":[{"href":"https:\/\/briard-bruno.com\/index.php\/wp-json\/wp\/v2\/types\/page"}],"author":[{"embeddable":true,"href":"https:\/\/briard-bruno.com\/index.php\/wp-json\/wp\/v2\/users\/1"}],"replies":[{"embeddable":true,"href":"https:\/\/briard-bruno.com\/index.php\/wp-json\/wp\/v2\/comments?post=132"}],"version-history":[{"count":4,"href":"https:\/\/briard-bruno.com\/index.php\/wp-json\/wp\/v2\/pages\/132\/revisions"}],"predecessor-version":[{"id":139,"href":"https:\/\/briard-bruno.com\/index.php\/wp-json\/wp\/v2\/pages\/132\/revisions\/139"}],"up":[{"embeddable":true,"href":"https:\/\/briard-bruno.com\/index.php\/wp-json\/wp\/v2\/pages\/117"}],"wp:attachment":[{"href":"https:\/\/briard-bruno.com\/index.php\/wp-json\/wp\/v2\/media?parent=132"}],"curies":[{"name":"wp","href":"https:\/\/api.w.org\/{rel}","templated":true}]}}