{"id":117,"date":"2020-06-13T14:17:41","date_gmt":"2020-06-13T14:17:41","guid":{"rendered":"https:\/\/briard-bruno.com\/?page_id=117"},"modified":"2020-07-05T06:41:56","modified_gmt":"2020-07-05T06:41:56","slug":"clips-mit-mir","status":"publish","type":"page","link":"https:\/\/briard-bruno.com\/index.php\/clips-mit-mir\/","title":{"rendered":"Clips mit mir"},"content":{"rendered":"\n<p>Clips, also kurze Videos, und eben sowas alles gibt`s hier<\/p>\n\n\n\n<p>Fang ich einfach mal an, von vorn, da war ich echt noch ein Winzling, naja ,f\u00fcr meine eigentliche Gr\u00f6\u00dfe mein ich jetzt, in niedlich, nicht ganz so wie jetzt halt, aber schon ganz sch\u00f6n, aber das wird noch besser \ud83d\ude09<\/p>\n\n\n\n<figure class=\"wp-block-embed-youtube wp-block-embed is-type-video is-provider-youtube wp-embed-aspect-16-9 wp-has-aspect-ratio\"><div class=\"wp-block-embed__wrapper\">\n<iframe loading=\"lazy\" title=\"ick bin Bruno ein kleiner Briard und jetzt \u00f6fters hier\" width=\"640\" height=\"360\" src=\"https:\/\/www.youtube.com\/embed\/zHvAqMVPuts?feature=oembed\" frameborder=\"0\" allow=\"accelerometer; autoplay; clipboard-write; encrypted-media; gyroscope; picture-in-picture; web-share\" referrerpolicy=\"strict-origin-when-cross-origin\" allowfullscreen><\/iframe>\n<\/div><\/figure>\n\n\n\n<p>tja, so schnell kanns gehen, eben noch n Zwergenteil, so frisch geschl\u00fcpft, und zack ehe man sich versieht, schon 2 mm gr\u00f6\u00dfer \ud83d\ude09  n paar Tage sp\u00e4ter hab ich schonmal den ersten Teil meiner Couch eingeweiht, der Rest kommt dann so p\u00f6 a p\u00f6 dabei, merkt keine Sau, passiert einfach so ganz zuf\u00e4llig &#8230;<\/p>\n\n\n\n<figure class=\"wp-block-embed-amazon-kindle wp-block-embed is-type-rich is-provider-amazon\"><div class=\"wp-block-embed__wrapper\">\n<iframe loading=\"lazy\" title=\"Briards Past and Present: Conversations with Leading Breeders (English Edition)\" type=\"text\/html\" width=\"640\" height=\"550\" frameborder=\"0\" allowfullscreen style=\"max-width:100%\" src=\"https:\/\/lesen.amazon.de\/kp\/card?preview=inline&#038;linkCode=ll1&#038;ref_=k4w_oembed_uGihRBy2bacbs1&#038;asin=B0792V2Z39&#038;tag=29042012bau-21\"><\/iframe>\n<\/div><\/figure>\n\n\n\n<figure class=\"wp-block-embed-youtube wp-block-embed is-type-video is-provider-youtube wp-embed-aspect-16-9 wp-has-aspect-ratio\"><div class=\"wp-block-embed__wrapper\">\n<iframe loading=\"lazy\" title=\"Bruno mein Name,und das ist meine neue Couch am 06.04.2020\" width=\"640\" height=\"360\" src=\"https:\/\/www.youtube.com\/embed\/1aCHDIFqG0g?feature=oembed\" frameborder=\"0\" allow=\"accelerometer; autoplay; clipboard-write; encrypted-media; gyroscope; picture-in-picture; web-share\" referrerpolicy=\"strict-origin-when-cross-origin\" allowfullscreen><\/iframe>\n<\/div><\/figure>\n\n\n\n<p>Gefilmt mit ner nem Handy, ist nat\u00fcrlich immer suboptimal, weil man immer drauf achten muss (falls man den Clip im Nachhinein bearbeiten will)  wie man das Handy h\u00e4lt, sonst ligt der Clip halt auffer Seite, nicher \ud83d\ude09<\/p>\n\n\n\n<p>Zum schneiden nehme ich: Video deluxe 2020 Premium \u2013 Genau mein Film!|Premium|2 Ger\u00e4te|unbegrenzt|PC|Disc|Disc von MAGIX ! <a rel=\"noreferrer noopener\" href=\"https:\/\/amzn.to\/30GrMZe\" target=\"_blank\">https:\/\/amzn.to\/30GrMZe<\/a> via @amazon , das macht sich ganz gut.<\/p>\n\n\n\n<figure class=\"wp-block-embed-youtube wp-block-embed is-type-video is-provider-youtube wp-embed-aspect-16-9 wp-has-aspect-ratio\"><div class=\"wp-block-embed__wrapper\">\n<iframe loading=\"lazy\" title=\"Briard Bruno am 30 03 2020  quasi 3 Monate und 3 Tage Alt\" width=\"640\" height=\"360\" src=\"https:\/\/www.youtube.com\/embed\/3k9He5FsJEc?feature=oembed\" frameborder=\"0\" allow=\"accelerometer; autoplay; clipboard-write; encrypted-media; gyroscope; picture-in-picture; web-share\" referrerpolicy=\"strict-origin-when-cross-origin\" allowfullscreen><\/iframe>\n<\/div><\/figure>\n\n\n\n<p>So schnell vergeht die Zeit, und zack, bin ich wieder einen Monat \u00e4lter , naja fast, eigentlich fehlen noch 2 Tage. Das Wachstum hat mich mit gro\u00dfen Schritten gepackt, seht selbst im folgenden Videoclip.<\/p>\n\n\n\n<figure class=\"wp-block-embed-youtube wp-block-embed is-type-video is-provider-youtube wp-embed-aspect-16-9 wp-has-aspect-ratio\"><div class=\"wp-block-embed__wrapper\">\n<iframe loading=\"lazy\" title=\"Bruno am 25 04 2020 knapp 4 Monate alt, drau\u00dfen am Kanal\" width=\"640\" height=\"360\" src=\"https:\/\/www.youtube.com\/embed\/iHHc8vUV1TU?feature=oembed\" frameborder=\"0\" allow=\"accelerometer; autoplay; clipboard-write; encrypted-media; gyroscope; picture-in-picture; web-share\" referrerpolicy=\"strict-origin-when-cross-origin\" allowfullscreen><\/iframe>\n<\/div><figcaption>beinahe 4 Monat alt, spielen am Kanal <a href=\"https:\/\/www.youtube.com\/watch?v=iHHc8vUV1TU\">https:\/\/www.youtube.com\/watch?v=iHHc8vUV1TU<\/a><\/figcaption><\/figure>\n\n\n\n<p><\/p>\n","protected":false},"excerpt":{"rendered":"<p>Clips, also kurze Videos, und eben sowas alles gibt`s hier Fang ich einfach mal an,<\/p>\n","protected":false},"author":1,"featured_media":0,"parent":0,"menu_order":0,"comment_status":"closed","ping_status":"closed","template":"","meta":{"footnotes":""},"class_list":["post-117","page","type-page","status-publish","hentry"],"_links":{"self":[{"href":"https:\/\/briard-bruno.com\/index.php\/wp-json\/wp\/v2\/pages\/117","targetHints":{"allow":["GET"]}}],"collection":[{"href":"https:\/\/briard-bruno.com\/index.php\/wp-json\/wp\/v2\/pages"}],"about":[{"href":"https:\/\/briard-bruno.com\/index.php\/wp-json\/wp\/v2\/types\/page"}],"author":[{"embeddable":true,"href":"https:\/\/briard-bruno.com\/index.php\/wp-json\/wp\/v2\/users\/1"}],"replies":[{"embeddable":true,"href":"https:\/\/briard-bruno.com\/index.php\/wp-json\/wp\/v2\/comments?post=117"}],"version-history":[{"count":9,"href":"https:\/\/briard-bruno.com\/index.php\/wp-json\/wp\/v2\/pages\/117\/revisions"}],"predecessor-version":[{"id":231,"href":"https:\/\/briard-bruno.com\/index.php\/wp-json\/wp\/v2\/pages\/117\/revisions\/231"}],"wp:attachment":[{"href":"https:\/\/briard-bruno.com\/index.php\/wp-json\/wp\/v2\/media?parent=117"}],"curies":[{"name":"wp","href":"https:\/\/api.w.org\/{rel}","templated":true}]}}